{"id":1973,"date":"2023-07-19T09:27:21","date_gmt":"2023-07-19T07:27:21","guid":{"rendered":"https:\/\/exampackaging.com\/etudes-de-cas\/"},"modified":"2025-04-01T17:29:19","modified_gmt":"2025-04-01T15:29:19","slug":"etudes-de-cas","status":"publish","type":"page","link":"https:\/\/exampackaging.com\/fr\/etudes-de-cas\/","title":{"rendered":"\u00c9tudes de cas"},"content":{"rendered":"<p>[et_pb_section fb_built=\u00a0\u00bb1&Prime; admin_label=\u00a0\u00bbBanner\u00a0\u00bb _builder_version=\u00a0\u00bb4.21.0&Prime; _module_preset=\u00a0\u00bbff9bd1f2-2c0c-463c-87dc-f5dd42365e9d\u00a0\u00bb global_colors_info=\u00a0\u00bb{}\u00a0\u00bb][et_pb_row _builder_version=\u00a0\u00bb4.21.0&Prime; _module_preset=\u00a0\u00bb4d85effc-33af-4750-8d9f-9354b0f3eebf\u00a0\u00bb global_colors_info=\u00a0\u00bb{}\u00a0\u00bb][et_pb_column type=\u00a0\u00bb4_4&Prime; _builder_version=\u00a0\u00bb4.21.0&Prime; _module_preset=\u00a0\u00bbdefault\u00a0\u00bb global_colors_info=\u00a0\u00bb{}\u00a0\u00bb][et_pb_text _builder_version=\u00a0\u00bb4.21.0&Prime; _dynamic_attributes=\u00a0\u00bbcontent\u00a0\u00bb _module_preset=\u00a0\u00bb6cb54c0e-0502-4fdc-a322-7db16cbfc584&Prime; global_colors_info=\u00a0\u00bb{%22gcid-84797104-7dc4-4d67-9c50-f7bae48b70d6%22:%91%22text_text_color%22%93}\u00a0\u00bb]@ET-DC@eyJkeW5hbWljIjp0cnVlLCJjb250ZW50IjoicG9zdF90aXRsZSIsInNldHRpbmdzIjp7ImJlZm9yZSI6IiIsImFmdGVyIjoiIn19@[\/et_pb_text][et_pb_text _builder_version=\u00a0\u00bb4.22.1&Prime; _module_preset=\u00a0\u00bba601b3d6-d07e-4475-b5a5-95f821b9c2bf\u00a0\u00bb global_colors_info=\u00a0\u00bb{%22gcid-3579bf35-b80a-4b68-abcb-87feec5e4395%22:%91%22header_text_color%22%93}\u00a0\u00bb]<\/p>\n<h1>D\u00e9couvrez les derni\u00e8res \u00e9tudes de cas d&rsquo;Exam<\/h1>\n<p>[\/et_pb_text][\/et_pb_column][\/et_pb_row][\/et_pb_section][et_pb_section fb_built=\u00a0\u00bb1&Prime; _builder_version=\u00a0\u00bb4.21.0&Prime; _module_preset=\u00a0\u00bbdefault\u00a0\u00bb custom_padding=\u00a0\u00bb||0px||false|false\u00a0\u00bb global_colors_info=\u00a0\u00bb{}\u00a0\u00bb][et_pb_row _builder_version=\u00a0\u00bb4.21.0&Prime; _module_preset=\u00a0\u00bbdefault\u00a0\u00bb custom_padding=\u00a0\u00bb||0px||false|false\u00a0\u00bb global_colors_info=\u00a0\u00bb{}\u00a0\u00bb][et_pb_column type=\u00a0\u00bb4_4&Prime; _builder_version=\u00a0\u00bb4.21.0&Prime; _module_preset=\u00a0\u00bbdefault\u00a0\u00bb global_colors_info=\u00a0\u00bb{}\u00a0\u00bb][et_pb_de_mach_archive_loop post_type_choose=\u00a0\u00bbcase-study\u00a0\u00bb loop_layout=\u00a0\u00bb2247&Prime; order_asc_desc=\u00a0\u00bbDESC\u00a0\u00bb enable_loadmore=\u00a0\u00bbon\u00a0\u00bb link_whole_gird=\u00a0\u00bbon\u00a0\u00bb equal_height=\u00a0\u00bbon\u00a0\u00bb align_last_bottom=\u00a0\u00bbon\u00a0\u00bb columns=\u00a0\u00bb2&Prime; custom_gutter_width=\u00a0\u00bbon\u00a0\u00bb gutter_row_gap=\u00a0\u00bb20px\u00a0\u00bb gutter_row_column=\u00a0\u00bb20px\u00a0\u00bb module_class=\u00a0\u00bbloop-cases\u00a0\u00bb _builder_version=\u00a0\u00bb4.27.4&Prime; _module_preset=\u00a0\u00bbdefault\u00a0\u00bb custom_padding=\u00a0\u00bb||0px||false|false\u00a0\u00bb hover_enabled=\u00a0\u00bb0&Prime; global_colors_info=\u00a0\u00bb{}\u00a0\u00bb sticky_enabled=\u00a0\u00bb0&Prime;][\/et_pb_de_mach_archive_loop][\/et_pb_column][\/et_pb_row][\/et_pb_section]<\/p>\n","protected":false},"excerpt":{"rendered":"<p>D\u00e9couvrez les derni\u00e8res \u00e9tudes de cas d&rsquo;Exam<\/p>\n","protected":false},"author":1,"featured_media":0,"parent":0,"menu_order":0,"comment_status":"closed","ping_status":"closed","template":"","meta":{"_acf_changed":false,"_et_pb_use_builder":"on","_et_pb_old_content":"","_et_gb_content_width":"","_crdt_document":"","footnotes":""},"class_list":["post-1973","page","type-page","status-publish","hentry"],"acf":[],"yoast_head":"<!-- This site is optimized with the Yoast SEO plugin v27.4 - https:\/\/yoast.com\/product\/yoast-seo-wordpress\/ -->\n<title>\u00c9tudes de cas - Exam Packaging<\/title>\n<meta name=\"robots\" content=\"index, follow, max-snippet:-1, max-image-preview:large, max-video-preview:-1\" \/>\n<link rel=\"canonical\" href=\"https:\/\/exampackaging.com\/fr\/etudes-de-cas\/\" \/>\n<meta property=\"og:locale\" content=\"fr_FR\" \/>\n<meta property=\"og:type\" content=\"article\" \/>\n<meta property=\"og:title\" content=\"\u00c9tudes de cas - Exam Packaging\" \/>\n<meta property=\"og:site_name\" content=\"Exam Packaging\" \/>\n<meta property=\"article:modified_time\" content=\"2025-04-01T15:29:19+00:00\" \/>\n<meta name=\"twitter:card\" content=\"summary_large_image\" \/>\n<script type=\"application\/ld+json\" class=\"yoast-schema-graph\">{\"@context\":\"https:\\\/\\\/schema.org\",\"@graph\":[{\"@type\":\"WebPage\",\"@id\":\"https:\\\/\\\/exampackaging.com\\\/fr\\\/etudes-de-cas\\\/\",\"url\":\"https:\\\/\\\/exampackaging.com\\\/fr\\\/etudes-de-cas\\\/\",\"name\":\"\u00c9tudes de cas - Exam Packaging\",\"isPartOf\":{\"@id\":\"https:\\\/\\\/exampackaging.com\\\/fr\\\/#website\"},\"datePublished\":\"2023-07-19T07:27:21+00:00\",\"dateModified\":\"2025-04-01T15:29:19+00:00\",\"breadcrumb\":{\"@id\":\"https:\\\/\\\/exampackaging.com\\\/fr\\\/etudes-de-cas\\\/#breadcrumb\"},\"inLanguage\":\"fr-FR\",\"potentialAction\":[{\"@type\":\"ReadAction\",\"target\":[\"https:\\\/\\\/exampackaging.com\\\/fr\\\/etudes-de-cas\\\/\"]}]},{\"@type\":\"BreadcrumbList\",\"@id\":\"https:\\\/\\\/exampackaging.com\\\/fr\\\/etudes-de-cas\\\/#breadcrumb\",\"itemListElement\":[{\"@type\":\"ListItem\",\"position\":1,\"name\":\"Accueil\",\"item\":\"https:\\\/\\\/exampackaging.com\\\/fr\\\/\"},{\"@type\":\"ListItem\",\"position\":2,\"name\":\"\u00c9tudes de cas\"}]},{\"@type\":\"WebSite\",\"@id\":\"https:\\\/\\\/exampackaging.com\\\/fr\\\/#website\",\"url\":\"https:\\\/\\\/exampackaging.com\\\/fr\\\/\",\"name\":\"Exam Packaging\",\"description\":\"Cold Chain Solutions\",\"publisher\":{\"@id\":\"https:\\\/\\\/exampackaging.com\\\/fr\\\/#organization\"},\"potentialAction\":[{\"@type\":\"SearchAction\",\"target\":{\"@type\":\"EntryPoint\",\"urlTemplate\":\"https:\\\/\\\/exampackaging.com\\\/fr\\\/?s={search_term_string}\"},\"query-input\":{\"@type\":\"PropertyValueSpecification\",\"valueRequired\":true,\"valueName\":\"search_term_string\"}}],\"inLanguage\":\"fr-FR\"},{\"@type\":\"Organization\",\"@id\":\"https:\\\/\\\/exampackaging.com\\\/fr\\\/#organization\",\"name\":\"Exam Packaging\",\"alternateName\":\"Exam\",\"url\":\"https:\\\/\\\/exampackaging.com\\\/fr\\\/\",\"logo\":{\"@type\":\"ImageObject\",\"inLanguage\":\"fr-FR\",\"@id\":\"https:\\\/\\\/exampackaging.com\\\/fr\\\/#\\\/schema\\\/logo\\\/image\\\/\",\"url\":\"https:\\\/\\\/exampackaging.com\\\/wp-content\\\/uploads\\\/2023\\\/06\\\/logo-exam-light-bg.png\",\"contentUrl\":\"https:\\\/\\\/exampackaging.com\\\/wp-content\\\/uploads\\\/2023\\\/06\\\/logo-exam-light-bg.png\",\"width\":323,\"height\":100,\"caption\":\"Exam Packaging\"},\"image\":{\"@id\":\"https:\\\/\\\/exampackaging.com\\\/fr\\\/#\\\/schema\\\/logo\\\/image\\\/\"},\"sameAs\":[\"https:\\\/\\\/www.linkedin.com\\\/company\\\/exam-packaging\\\/\"]}]}<\/script>\n<!-- \/ Yoast SEO plugin. -->","yoast_head_json":{"title":"\u00c9tudes de cas - Exam Packaging","robots":{"index":"index","follow":"follow","max-snippet":"max-snippet:-1","max-image-preview":"max-image-preview:large","max-video-preview":"max-video-preview:-1"},"canonical":"https:\/\/exampackaging.com\/fr\/etudes-de-cas\/","og_locale":"fr_FR","og_type":"article","og_title":"\u00c9tudes de cas - Exam Packaging","og_site_name":"Exam Packaging","article_modified_time":"2025-04-01T15:29:19+00:00","twitter_card":"summary_large_image","schema":{"@context":"https:\/\/schema.org","@graph":[{"@type":"WebPage","@id":"https:\/\/exampackaging.com\/fr\/etudes-de-cas\/","url":"https:\/\/exampackaging.com\/fr\/etudes-de-cas\/","name":"\u00c9tudes de cas - Exam Packaging","isPartOf":{"@id":"https:\/\/exampackaging.com\/fr\/#website"},"datePublished":"2023-07-19T07:27:21+00:00","dateModified":"2025-04-01T15:29:19+00:00","breadcrumb":{"@id":"https:\/\/exampackaging.com\/fr\/etudes-de-cas\/#breadcrumb"},"inLanguage":"fr-FR","potentialAction":[{"@type":"ReadAction","target":["https:\/\/exampackaging.com\/fr\/etudes-de-cas\/"]}]},{"@type":"BreadcrumbList","@id":"https:\/\/exampackaging.com\/fr\/etudes-de-cas\/#breadcrumb","itemListElement":[{"@type":"ListItem","position":1,"name":"Accueil","item":"https:\/\/exampackaging.com\/fr\/"},{"@type":"ListItem","position":2,"name":"\u00c9tudes de cas"}]},{"@type":"WebSite","@id":"https:\/\/exampackaging.com\/fr\/#website","url":"https:\/\/exampackaging.com\/fr\/","name":"Exam Packaging","description":"Cold Chain Solutions","publisher":{"@id":"https:\/\/exampackaging.com\/fr\/#organization"},"potentialAction":[{"@type":"SearchAction","target":{"@type":"EntryPoint","urlTemplate":"https:\/\/exampackaging.com\/fr\/?s={search_term_string}"},"query-input":{"@type":"PropertyValueSpecification","valueRequired":true,"valueName":"search_term_string"}}],"inLanguage":"fr-FR"},{"@type":"Organization","@id":"https:\/\/exampackaging.com\/fr\/#organization","name":"Exam Packaging","alternateName":"Exam","url":"https:\/\/exampackaging.com\/fr\/","logo":{"@type":"ImageObject","inLanguage":"fr-FR","@id":"https:\/\/exampackaging.com\/fr\/#\/schema\/logo\/image\/","url":"https:\/\/exampackaging.com\/wp-content\/uploads\/2023\/06\/logo-exam-light-bg.png","contentUrl":"https:\/\/exampackaging.com\/wp-content\/uploads\/2023\/06\/logo-exam-light-bg.png","width":323,"height":100,"caption":"Exam Packaging"},"image":{"@id":"https:\/\/exampackaging.com\/fr\/#\/schema\/logo\/image\/"},"sameAs":["https:\/\/www.linkedin.com\/company\/exam-packaging\/"]}]}},"_links":{"self":[{"href":"https:\/\/exampackaging.com\/fr\/wp-json\/wp\/v2\/pages\/1973","targetHints":{"allow":["GET"]}}],"collection":[{"href":"https:\/\/exampackaging.com\/fr\/wp-json\/wp\/v2\/pages"}],"about":[{"href":"https:\/\/exampackaging.com\/fr\/wp-json\/wp\/v2\/types\/page"}],"author":[{"embeddable":true,"href":"https:\/\/exampackaging.com\/fr\/wp-json\/wp\/v2\/users\/1"}],"replies":[{"embeddable":true,"href":"https:\/\/exampackaging.com\/fr\/wp-json\/wp\/v2\/comments?post=1973"}],"version-history":[{"count":0,"href":"https:\/\/exampackaging.com\/fr\/wp-json\/wp\/v2\/pages\/1973\/revisions"}],"wp:attachment":[{"href":"https:\/\/exampackaging.com\/fr\/wp-json\/wp\/v2\/media?parent=1973"}],"curies":[{"name":"wp","href":"https:\/\/api.w.org\/{rel}","templated":true}]}}