{"id":2071,"date":"2023-06-26T10:00:39","date_gmt":"2023-06-26T08:00:39","guid":{"rendered":"https:\/\/exampackaging.com\/politique-de-confidentialite\/"},"modified":"2024-12-10T13:09:53","modified_gmt":"2024-12-10T11:09:53","slug":"politique-de-confidentialite","status":"publish","type":"page","link":"https:\/\/exampackaging.com\/fr\/politique-de-confidentialite\/","title":{"rendered":"Politique de confidentialit\u00e9"},"content":{"rendered":"<p>[et_pb_section fb_built=\u00a0\u00bb1&Prime; admin_label=\u00a0\u00bbBanner\u00a0\u00bb _builder_version=\u00a0\u00bb4.21.0&Prime; _module_preset=\u00a0\u00bbff9bd1f2-2c0c-463c-87dc-f5dd42365e9d\u00a0\u00bb global_colors_info=\u00a0\u00bb{}\u00a0\u00bb][et_pb_row _builder_version=\u00a0\u00bb4.21.0&Prime; _module_preset=\u00a0\u00bb4d85effc-33af-4750-8d9f-9354b0f3eebf\u00a0\u00bb global_colors_info=\u00a0\u00bb{}\u00a0\u00bb][et_pb_column type=\u00a0\u00bb4_4&Prime; _builder_version=\u00a0\u00bb4.21.0&Prime; _module_preset=\u00a0\u00bbdefault\u00a0\u00bb global_colors_info=\u00a0\u00bb{}\u00a0\u00bb][et_pb_text _builder_version=\u00a0\u00bb4.21.0&Prime; _dynamic_attributes=\u00a0\u00bbcontent\u00a0\u00bb _module_preset=\u00a0\u00bb6cb54c0e-0502-4fdc-a322-7db16cbfc584&Prime; global_colors_info=\u00a0\u00bb{%22gcid-84797104-7dc4-4d67-9c50-f7bae48b70d6%22:%91%22text_text_color%22%93}\u00a0\u00bb]@ET-DC@eyJkeW5hbWljIjp0cnVlLCJjb250ZW50Ijoic2l0ZV90aXRsZSIsInNldHRpbmdzIjp7ImJlZm9yZSI6IiIsImFmdGVyIjoiIn19@[\/et_pb_text][et_pb_text _builder_version=\u00a0\u00bb4.21.0&Prime; _dynamic_attributes=\u00a0\u00bbcontent\u00a0\u00bb _module_preset=\u00a0\u00bba601b3d6-d07e-4475-b5a5-95f821b9c2bf\u00a0\u00bb global_colors_info=\u00a0\u00bb{%22gcid-3579bf35-b80a-4b68-abcb-87feec5e4395%22:%91%22header_text_color%22%93}\u00a0\u00bb]@ET-DC@eyJkeW5hbWljIjp0cnVlLCJjb250ZW50IjoicG9zdF90aXRsZSIsInNldHRpbmdzIjp7ImJlZm9yZSI6IjxoMT4iLCJhZnRlciI6IjxcL2gxPiJ9fQ==@[\/et_pb_text][\/et_pb_column][\/et_pb_row][\/et_pb_section][et_pb_section fb_built=\u00a0\u00bb1&Prime; admin_label=\u00a0\u00bbsection\u00a0\u00bb _builder_version=\u00a0\u00bb4.16&Prime; global_colors_info=\u00a0\u00bb{}\u00a0\u00bb][et_pb_row admin_label=\u00a0\u00bbrow\u00a0\u00bb _builder_version=\u00a0\u00bb4.16&Prime; background_size=\u00a0\u00bbinitial\u00a0\u00bb background_position=\u00a0\u00bbtop_left\u00a0\u00bb background_repeat=\u00a0\u00bbrepeat\u00a0\u00bb global_colors_info=\u00a0\u00bb{}\u00a0\u00bb][et_pb_column type=\u00a0\u00bb4_4&Prime; _builder_version=\u00a0\u00bb4.16&Prime; custom_padding=\u00a0\u00bb|||\u00a0\u00bb global_colors_info=\u00a0\u00bb{}\u00a0\u00bb custom_padding__hover=\u00a0\u00bb|||\u00a0\u00bb][et_pb_text admin_label=\u00a0\u00bbText\u00a0\u00bb _builder_version=\u00a0\u00bb4.23&Prime; background_size=\u00a0\u00bbinitial\u00a0\u00bb background_position=\u00a0\u00bbtop_left\u00a0\u00bb background_repeat=\u00a0\u00bbrepeat\u00a0\u00bb hover_enabled=\u00a0\u00bb0&Prime; global_colors_info=\u00a0\u00bb{}\u00a0\u00bb sticky_enabled=\u00a0\u00bb0&Prime;]<\/p>\n<p>Novembre 2023<\/p>\n<p><strong>1. Introduction<\/strong><\/p>\n<p>Bienvenue sur Exampackaging.com. Chez Exam, nous nous engageons \u00e0 prot\u00e9ger la confidentialit\u00e9 de nos visiteurs et utilisateurs du site. Cette politique de confidentialit\u00e9 d\u00e9crit les types d&rsquo;informations que nous collectons, comment nous utilisons et prot\u00e9geons ces informations, ainsi que vos choix concernant la collecte et l&rsquo;utilisation de vos donn\u00e9es.  <\/p>\n<p><strong>2. Informations que nous r\u00e9coltons<\/strong><\/p>\n<p>Nous collectons des informations que vous nous fournissez directement lorsque vous visitez notre site web ou interagissez avec nous. Les types d&rsquo;informations que nous pouvons collecter comprennent : <\/p>\n<ul>\n<li>Informations de contact : nom, adresse e-mail, num\u00e9ro de t\u00e9l\u00e9phone et d\u00e9tails de l&rsquo;entreprise.<\/li>\n<li>Informations de communication : toutes les informations que vous fournissez lorsque vous nous contactez par e-mail, t\u00e9l\u00e9phone ou via notre site web.<\/li>\n<\/ul>\n<p><strong>3. Comment nous utilisons vos informations<\/strong><\/p>\n<p>Nous utilisons les informations collect\u00e9es dans les buts suivants :<\/p>\n<ul>\n<li>R\u00e9pondre aux demandes de renseignements et fournir des informations sur nos produits et services.<\/li>\n<li>Traiter et ex\u00e9cuter les commandes.<\/li>\n<li>Am\u00e9liorer notre site web et nos services.<\/li>\n<li>Se conformer aux obligations l\u00e9gales.<\/li>\n<\/ul>\n<p><strong>4. S\u00e9curit\u00e9 des donn\u00e9es<\/strong><\/p>\n<p>Nous prenons des mesures appropri\u00e9es pour s\u00e9curiser vos informations contre tout acc\u00e8s, divulgation, modification ou destruction non autoris\u00e9s. Ces mesures comprennent le chiffrement des donn\u00e9es, les contr\u00f4les d&rsquo;acc\u00e8s et des \u00e9valuations r\u00e9guli\u00e8res de la s\u00e9curit\u00e9. <\/p>\n<p><strong>5. Cookies et technologies similaires<\/strong><\/p>\n<p>Nous utilisons des cookies et des technologies similaires pour am\u00e9liorer votre exp\u00e9rience sur notre site web. Vous pouvez g\u00e9rer vos pr\u00e9f\u00e9rences en mati\u00e8re de cookies via les param\u00e8tres de votre navigateur. <\/p>\n<p><strong>6. Services tiers<\/strong><\/p>\n<p>Nous ne vendons, n&rsquo;\u00e9changeons ni ne transf\u00e9rons autrement vos informations \u00e0 des tiers. Cependant, nous pouvons utiliser des services tiers pour l&rsquo;analyse et l&rsquo;am\u00e9lioration de notre site web, et ces services peuvent \u00e9galement collecter des informations. Nous nous assurons que ces tiers respectent les r\u00e9glementations en mati\u00e8re de confidentialit\u00e9.  <\/p>\n<p><strong>7. Vos droits<\/strong><\/p>\n<p>Vous avez le droit d&rsquo;acc\u00e9der \u00e0, de corriger ou de supprimer vos informations personnelles. Si vous souhaitez exercer ces droits, veuillez nous contacter \u00e0 l&rsquo;adresse info@exampackaging.com. Nous r\u00e9pondrons \u00e0 votre demande conform\u00e9ment au R\u00e8glement G\u00e9n\u00e9ral sur la Protection des Donn\u00e9es (RGPD).  <\/p>\n<p><strong>8. Modifications de cette politique de confidentialit\u00e9<\/strong><\/p>\n<p>Nous pouvons mettre \u00e0 jour cette politique de confidentialit\u00e9 de temps en temps pour refl\u00e9ter les changements dans nos pratiques ou pour d&rsquo;autres raisons op\u00e9rationnelles, juridiques ou r\u00e9glementaires. Nous vous informerons de toute modification en publiant la politique mise \u00e0 jour sur notre site Web. <\/p>\n<p><strong>9. Contactez-nous<\/strong><\/p>\n<p>Si vous avez des questions ou des pr\u00e9occupations concernant cette politique de confidentialit\u00e9, veuillez nous contacter \u00e0 <a href=\"mailto:info@exampackaging.com\">info@exampackaging.com<\/a> ou +<a data-dtype=\"d3ph\" data-local-attribute=\"d3ph\" jscontroller=\"LWZElb\" href=\"https:\/\/www.google.com\/search?q=exampackaging&amp;sca_esv=581173241&amp;sxsrf=AM9HkKkR8LdBjPEBVaPvhOjO8N_1K97FVA%3A1699616174453&amp;ei=rhVOZZCTG4Kqi-gPjZaYiAU&amp;ved=0ahUKEwiQotTSq7mCAxUC1QIHHQ0LBlEQ4dUDCBA&amp;uact=5&amp;oq=exampackaging&amp;gs_lp=Egxnd3Mtd2l6LXNlcnAiDWV4YW1wYWNrYWdpbmcyBBAjGCdI-xFQnARYjw9wAXgAkAEAmAGSAaABkAWqAQM4LjG4AQPIAQD4AQHCAgkQABgHGB4YsAPCAgcQIxiKBRgnwgIIEC4YigUYkQLCAgUQABiABMICDhAuGIAEGMcBGK8BGI4FwgIHEAAYgAQYCuIDBBgBIEGIBgGQBgo&amp;sclient=gws-wiz-serp#\" jsdata=\"QKGTRc;_;BoCW1A\" jsaction=\"rcuQ6b:npT2md;F75qrd\" data-ved=\"2ahUKEwic7JPWq7mCAxUG6AIHHRz1DFIQkAgoAHoECEIQAw\"><span aria-label=\"Call phone number +32 2 460 77 55\">32 2 460 77 55<\/span><\/a>.<\/p>\n<p>Merci d&rsquo;avoir choisi Exam.<\/p>\n<p>[\/et_pb_text][\/et_pb_column][\/et_pb_row][\/et_pb_section]<\/p>\n","protected":false},"excerpt":{"rendered":"<p>Novembre 2023 1. Introduction Bienvenue sur Exampackaging.com. Chez Exam, nous nous engageons \u00e0 prot\u00e9ger la confidentialit\u00e9 de nos visiteurs et utilisateurs du site. Cette politique de confidentialit\u00e9 d\u00e9crit les types d&rsquo;informations que nous collectons, comment nous utilisons et prot\u00e9geons ces informations, ainsi que vos choix concernant la collecte et l&rsquo;utilisation de vos donn\u00e9es. 2. Informations [&hellip;]<\/p>\n","protected":false},"author":1,"featured_media":0,"parent":0,"menu_order":0,"comment_status":"closed","ping_status":"closed","template":"","meta":{"_acf_changed":false,"_et_pb_use_builder":"on","_et_pb_old_content":"","_et_gb_content_width":"","_crdt_document":"","footnotes":""},"class_list":["post-2071","page","type-page","status-publish","hentry"],"acf":[],"yoast_head":"<!-- This site is optimized with the Yoast SEO plugin v27.4 - https:\/\/yoast.com\/product\/yoast-seo-wordpress\/ -->\n<title>Politique de confidentialit\u00e9 - Exam Packaging<\/title>\n<meta name=\"robots\" content=\"index, follow, max-snippet:-1, max-image-preview:large, max-video-preview:-1\" \/>\n<link rel=\"canonical\" href=\"https:\/\/exampackaging.com\/fr\/politique-de-confidentialite\/\" \/>\n<meta property=\"og:locale\" content=\"fr_FR\" \/>\n<meta property=\"og:type\" content=\"article\" \/>\n<meta property=\"og:title\" content=\"Politique de confidentialit\u00e9 - Exam Packaging\" \/>\n<meta property=\"og:site_name\" content=\"Exam Packaging\" \/>\n<meta property=\"article:modified_time\" content=\"2024-12-10T11:09:53+00:00\" \/>\n<meta name=\"twitter:card\" content=\"summary_large_image\" \/>\n<script type=\"application\/ld+json\" class=\"yoast-schema-graph\">{\"@context\":\"https:\\\/\\\/schema.org\",\"@graph\":[{\"@type\":\"WebPage\",\"@id\":\"https:\\\/\\\/exampackaging.com\\\/fr\\\/politique-de-confidentialite\\\/\",\"url\":\"https:\\\/\\\/exampackaging.com\\\/fr\\\/politique-de-confidentialite\\\/\",\"name\":\"Politique de confidentialit\u00e9 - Exam Packaging\",\"isPartOf\":{\"@id\":\"https:\\\/\\\/exampackaging.com\\\/fr\\\/#website\"},\"datePublished\":\"2023-06-26T08:00:39+00:00\",\"dateModified\":\"2024-12-10T11:09:53+00:00\",\"breadcrumb\":{\"@id\":\"https:\\\/\\\/exampackaging.com\\\/fr\\\/politique-de-confidentialite\\\/#breadcrumb\"},\"inLanguage\":\"fr-FR\",\"potentialAction\":[{\"@type\":\"ReadAction\",\"target\":[\"https:\\\/\\\/exampackaging.com\\\/fr\\\/politique-de-confidentialite\\\/\"]}]},{\"@type\":\"BreadcrumbList\",\"@id\":\"https:\\\/\\\/exampackaging.com\\\/fr\\\/politique-de-confidentialite\\\/#breadcrumb\",\"itemListElement\":[{\"@type\":\"ListItem\",\"position\":1,\"name\":\"Accueil\",\"item\":\"https:\\\/\\\/exampackaging.com\\\/fr\\\/\"},{\"@type\":\"ListItem\",\"position\":2,\"name\":\"Politique de confidentialit\u00e9\"}]},{\"@type\":\"WebSite\",\"@id\":\"https:\\\/\\\/exampackaging.com\\\/fr\\\/#website\",\"url\":\"https:\\\/\\\/exampackaging.com\\\/fr\\\/\",\"name\":\"Exam Packaging\",\"description\":\"Cold Chain Solutions\",\"publisher\":{\"@id\":\"https:\\\/\\\/exampackaging.com\\\/fr\\\/#organization\"},\"potentialAction\":[{\"@type\":\"SearchAction\",\"target\":{\"@type\":\"EntryPoint\",\"urlTemplate\":\"https:\\\/\\\/exampackaging.com\\\/fr\\\/?s={search_term_string}\"},\"query-input\":{\"@type\":\"PropertyValueSpecification\",\"valueRequired\":true,\"valueName\":\"search_term_string\"}}],\"inLanguage\":\"fr-FR\"},{\"@type\":\"Organization\",\"@id\":\"https:\\\/\\\/exampackaging.com\\\/fr\\\/#organization\",\"name\":\"Exam Packaging\",\"alternateName\":\"Exam\",\"url\":\"https:\\\/\\\/exampackaging.com\\\/fr\\\/\",\"logo\":{\"@type\":\"ImageObject\",\"inLanguage\":\"fr-FR\",\"@id\":\"https:\\\/\\\/exampackaging.com\\\/fr\\\/#\\\/schema\\\/logo\\\/image\\\/\",\"url\":\"https:\\\/\\\/exampackaging.com\\\/wp-content\\\/uploads\\\/2023\\\/06\\\/logo-exam-light-bg.png\",\"contentUrl\":\"https:\\\/\\\/exampackaging.com\\\/wp-content\\\/uploads\\\/2023\\\/06\\\/logo-exam-light-bg.png\",\"width\":323,\"height\":100,\"caption\":\"Exam Packaging\"},\"image\":{\"@id\":\"https:\\\/\\\/exampackaging.com\\\/fr\\\/#\\\/schema\\\/logo\\\/image\\\/\"},\"sameAs\":[\"https:\\\/\\\/www.linkedin.com\\\/company\\\/exam-packaging\\\/\"]}]}<\/script>\n<!-- \/ Yoast SEO plugin. -->","yoast_head_json":{"title":"Politique de confidentialit\u00e9 - Exam Packaging","robots":{"index":"index","follow":"follow","max-snippet":"max-snippet:-1","max-image-preview":"max-image-preview:large","max-video-preview":"max-video-preview:-1"},"canonical":"https:\/\/exampackaging.com\/fr\/politique-de-confidentialite\/","og_locale":"fr_FR","og_type":"article","og_title":"Politique de confidentialit\u00e9 - Exam Packaging","og_site_name":"Exam Packaging","article_modified_time":"2024-12-10T11:09:53+00:00","twitter_card":"summary_large_image","schema":{"@context":"https:\/\/schema.org","@graph":[{"@type":"WebPage","@id":"https:\/\/exampackaging.com\/fr\/politique-de-confidentialite\/","url":"https:\/\/exampackaging.com\/fr\/politique-de-confidentialite\/","name":"Politique de confidentialit\u00e9 - Exam Packaging","isPartOf":{"@id":"https:\/\/exampackaging.com\/fr\/#website"},"datePublished":"2023-06-26T08:00:39+00:00","dateModified":"2024-12-10T11:09:53+00:00","breadcrumb":{"@id":"https:\/\/exampackaging.com\/fr\/politique-de-confidentialite\/#breadcrumb"},"inLanguage":"fr-FR","potentialAction":[{"@type":"ReadAction","target":["https:\/\/exampackaging.com\/fr\/politique-de-confidentialite\/"]}]},{"@type":"BreadcrumbList","@id":"https:\/\/exampackaging.com\/fr\/politique-de-confidentialite\/#breadcrumb","itemListElement":[{"@type":"ListItem","position":1,"name":"Accueil","item":"https:\/\/exampackaging.com\/fr\/"},{"@type":"ListItem","position":2,"name":"Politique de confidentialit\u00e9"}]},{"@type":"WebSite","@id":"https:\/\/exampackaging.com\/fr\/#website","url":"https:\/\/exampackaging.com\/fr\/","name":"Exam Packaging","description":"Cold Chain Solutions","publisher":{"@id":"https:\/\/exampackaging.com\/fr\/#organization"},"potentialAction":[{"@type":"SearchAction","target":{"@type":"EntryPoint","urlTemplate":"https:\/\/exampackaging.com\/fr\/?s={search_term_string}"},"query-input":{"@type":"PropertyValueSpecification","valueRequired":true,"valueName":"search_term_string"}}],"inLanguage":"fr-FR"},{"@type":"Organization","@id":"https:\/\/exampackaging.com\/fr\/#organization","name":"Exam Packaging","alternateName":"Exam","url":"https:\/\/exampackaging.com\/fr\/","logo":{"@type":"ImageObject","inLanguage":"fr-FR","@id":"https:\/\/exampackaging.com\/fr\/#\/schema\/logo\/image\/","url":"https:\/\/exampackaging.com\/wp-content\/uploads\/2023\/06\/logo-exam-light-bg.png","contentUrl":"https:\/\/exampackaging.com\/wp-content\/uploads\/2023\/06\/logo-exam-light-bg.png","width":323,"height":100,"caption":"Exam Packaging"},"image":{"@id":"https:\/\/exampackaging.com\/fr\/#\/schema\/logo\/image\/"},"sameAs":["https:\/\/www.linkedin.com\/company\/exam-packaging\/"]}]}},"_links":{"self":[{"href":"https:\/\/exampackaging.com\/fr\/wp-json\/wp\/v2\/pages\/2071","targetHints":{"allow":["GET"]}}],"collection":[{"href":"https:\/\/exampackaging.com\/fr\/wp-json\/wp\/v2\/pages"}],"about":[{"href":"https:\/\/exampackaging.com\/fr\/wp-json\/wp\/v2\/types\/page"}],"author":[{"embeddable":true,"href":"https:\/\/exampackaging.com\/fr\/wp-json\/wp\/v2\/users\/1"}],"replies":[{"embeddable":true,"href":"https:\/\/exampackaging.com\/fr\/wp-json\/wp\/v2\/comments?post=2071"}],"version-history":[{"count":0,"href":"https:\/\/exampackaging.com\/fr\/wp-json\/wp\/v2\/pages\/2071\/revisions"}],"wp:attachment":[{"href":"https:\/\/exampackaging.com\/fr\/wp-json\/wp\/v2\/media?parent=2071"}],"curies":[{"name":"wp","href":"https:\/\/api.w.org\/{rel}","templated":true}]}}