{"id":2081,"date":"2023-07-13T16:56:47","date_gmt":"2023-07-13T14:56:47","guid":{"rendered":"https:\/\/exampackaging.com\/qui-sommes-nous\/a-propos-de-nous\/"},"modified":"2024-12-10T13:13:01","modified_gmt":"2024-12-10T11:13:01","slug":"a-propos-de-nous","status":"publish","type":"page","link":"https:\/\/exampackaging.com\/fr\/qui-sommes-nous\/a-propos-de-nous\/","title":{"rendered":"\u00c0 propos de nous"},"content":{"rendered":"<p>[et_pb_section fb_built=\u00a0\u00bb1&Prime; admin_label=\u00a0\u00bbBanner\u00a0\u00bb _builder_version=\u00a0\u00bb4.21.0&Prime; _module_preset=\u00a0\u00bbff9bd1f2-2c0c-463c-87dc-f5dd42365e9d\u00a0\u00bb global_colors_info=\u00a0\u00bb{}\u00a0\u00bb][et_pb_row _builder_version=\u00a0\u00bb4.21.0&Prime; _module_preset=\u00a0\u00bb4d85effc-33af-4750-8d9f-9354b0f3eebf\u00a0\u00bb global_colors_info=\u00a0\u00bb{}\u00a0\u00bb][et_pb_column type=\u00a0\u00bb4_4&Prime; _builder_version=\u00a0\u00bb4.21.0&Prime; _module_preset=\u00a0\u00bbdefault\u00a0\u00bb global_colors_info=\u00a0\u00bb{}\u00a0\u00bb][et_pb_text _builder_version=\u00a0\u00bb4.21.0&Prime; _dynamic_attributes=\u00a0\u00bbcontent\u00a0\u00bb _module_preset=\u00a0\u00bb6cb54c0e-0502-4fdc-a322-7db16cbfc584&Prime; global_colors_info=\u00a0\u00bb{%22gcid-84797104-7dc4-4d67-9c50-f7bae48b70d6%22:%91%22text_text_color%22%93}\u00a0\u00bb]@ET-DC@eyJkeW5hbWljIjp0cnVlLCJjb250ZW50IjoicG9zdF90aXRsZSIsInNldHRpbmdzIjp7ImJlZm9yZSI6IiIsImFmdGVyIjoiIn19@[\/et_pb_text][et_pb_text _builder_version=\u00a0\u00bb4.22.1&Prime; _module_preset=\u00a0\u00bba601b3d6-d07e-4475-b5a5-95f821b9c2bf\u00a0\u00bb hover_enabled=\u00a0\u00bb0&Prime; global_colors_info=\u00a0\u00bb{%22gcid-3579bf35-b80a-4b68-abcb-87feec5e4395%22:%91%22header_text_color%22%93}\u00a0\u00bb sticky_enabled=\u00a0\u00bb0&Prime;]<\/p>\n<h1>\u00c0 la pointe des solutions \u00e0 temp\u00e9rature control\u00e9e depuis 1986.<\/h1>\n<p>[\/et_pb_text][\/et_pb_column][\/et_pb_row][\/et_pb_section][et_pb_section fb_built=\u00a0\u00bb1&Prime; _builder_version=\u00a0\u00bb4.21.0&Prime; _module_preset=\u00a0\u00bbdefault\u00a0\u00bb global_colors_info=\u00a0\u00bb{}\u00a0\u00bb][et_pb_row column_structure=\u00a0\u00bb1_2,1_2&Prime; use_custom_gutter=\u00a0\u00bbon\u00a0\u00bb gutter_width=\u00a0\u00bb4&Prime; make_equal=\u00a0\u00bbon\u00a0\u00bb _builder_version=\u00a0\u00bb4.21.0&Prime; _module_preset=\u00a0\u00bbdefault\u00a0\u00bb custom_css_main_element=\u00a0\u00bbalign-items:center;\u00a0\u00bb global_colors_info=\u00a0\u00bb{}\u00a0\u00bb][et_pb_column type=\u00a0\u00bb1_2&Prime; _builder_version=\u00a0\u00bb4.21.0&Prime; _module_preset=\u00a0\u00bbdefault\u00a0\u00bb custom_padding_tablet=\u00a0\u00bb||30px||false|false\u00a0\u00bb custom_padding_phone=\u00a0\u00bb||15px||false|false\u00a0\u00bb custom_padding_last_edited=\u00a0\u00bbon|phone\u00a0\u00bb global_colors_info=\u00a0\u00bb{}\u00a0\u00bb][et_pb_text _builder_version=\u00a0\u00bb4.21.0&Prime; _module_preset=\u00a0\u00bb184a03c3-485b-4ddc-a72d-945c51c8eb5d\u00a0\u00bb custom_margin=\u00a0\u00bb||0px||false|false\u00a0\u00bb global_colors_info=\u00a0\u00bb{}\u00a0\u00bb]<\/p>\n<h2>Exam cold chain solutions<\/h2>\n<p>[\/et_pb_text][et_pb_text _builder_version=\u00a0\u00bb4.22.1&Prime; _module_preset=\u00a0\u00bbdefault\u00a0\u00bb custom_margin=\u00a0\u00bb||||false|false\u00a0\u00bb global_colors_info=\u00a0\u00bb{}\u00a0\u00bb]<\/p>\n<p><span data-contrast=\"none\" xml:lang=\"EN-US\" lang=\"EN-US\" class=\"TextRun SCXW197929041 BCX0\"><span class=\"NormalTextRun SCXW197929041 BCX0\">Fond\u00e9e en 1986 au c\u0153ur de l&rsquo;Europe, <\/span><span class=\"NormalTextRun SCXW197929041 BCX0\">nous<\/span><span class=\"NormalTextRun SCXW197929041 BCX0\"> sommes un acteur majeur dans l&#8217;emballage thermique et le secteur de la cha\u00eene du froid. adoptons une approche globale, consid\u00e9rant chaque activit\u00e9 commerciale comme faisant partie de la cha\u00eene de valeur mondiale, garantissant des r\u00e9sultats coh\u00e9rents et une tranquillit\u00e9 d&rsquo;esprit durable pour nos clients.<\/span><\/span><span class=\"EOP SCXW197929041 BCX0\" data-ccp-props=\"{\"201341983\":0,\"335559739\":160,\"335559740\":259}\"> <\/span><\/p>\n<p>[\/et_pb_text][\/et_pb_column][et_pb_column type=\u00a0\u00bb1_2&Prime; _builder_version=\u00a0\u00bb4.21.0&Prime; _module_preset=\u00a0\u00bbdefault\u00a0\u00bb global_colors_info=\u00a0\u00bb{}\u00a0\u00bb][et_pb_image src=\u00a0\u00bbhttps:\/\/exampackaging.com\/wp-content\/uploads\/2023\/07\/exam-placeholder-1.png\u00a0\u00bb title_text=\u00a0\u00bbexam-placeholder\u00a0\u00bb _builder_version=\u00a0\u00bb4.21.0&Prime; _module_preset=\u00a0\u00bbdefault\u00a0\u00bb global_colors_info=\u00a0\u00bb{}\u00a0\u00bb][\/et_pb_image][\/et_pb_column][\/et_pb_row][\/et_pb_section][et_pb_section fb_built=\u00a0\u00bb1&Prime; custom_padding_last_edited=\u00a0\u00bboff|tablet\u00a0\u00bb _builder_version=\u00a0\u00bb4.21.0&Prime; _module_preset=\u00a0\u00bbdefault\u00a0\u00bb background_color=\u00a0\u00bbgcid-cfc50d1f-2e2c-43f3-9254-37ef24d484d6&Prime; custom_margin=\u00a0\u00bb||96px||false|false\u00a0\u00bb custom_margin_tablet=\u00a0\u00bb||60px||false|false\u00a0\u00bb custom_margin_phone=\u00a0\u00bb||45px||false|false\u00a0\u00bb custom_margin_last_edited=\u00a0\u00bbon|phone\u00a0\u00bb global_colors_info=\u00a0\u00bb{%22gcid-cfc50d1f-2e2c-43f3-9254-37ef24d484d6%22:%91%22background_color%22%93}\u00a0\u00bb][et_pb_row _builder_version=\u00a0\u00bb4.21.0&Prime; _module_preset=\u00a0\u00bbdefault\u00a0\u00bb global_colors_info=\u00a0\u00bb{}\u00a0\u00bb][et_pb_column type=\u00a0\u00bb4_4&Prime; _builder_version=\u00a0\u00bb4.21.0&Prime; _module_preset=\u00a0\u00bbdefault\u00a0\u00bb global_colors_info=\u00a0\u00bb{}\u00a0\u00bb][et_pb_text _builder_version=\u00a0\u00bb4.22.1&Prime; _module_preset=\u00a0\u00bb184a03c3-485b-4ddc-a72d-945c51c8eb5d\u00a0\u00bb text_orientation=\u00a0\u00bbcenter\u00a0\u00bb custom_margin=\u00a0\u00bb||0px||false|false\u00a0\u00bb custom_padding=\u00a0\u00bb|20%||20%|false|true\u00a0\u00bb custom_padding_tablet=\u00a0\u00bb|8%||8%|false|true\u00a0\u00bb custom_padding_phone=\u00a0\u00bb|5%||5%|false|true\u00a0\u00bb custom_padding_last_edited=\u00a0\u00bbon|phone\u00a0\u00bb global_colors_info=\u00a0\u00bb{}\u00a0\u00bb]<\/p>\n<h2>Notre mission<\/h2>\n<p>[\/et_pb_text][et_pb_text _builder_version=\u00a0\u00bb4.22.1&Prime; _module_preset=\u00a0\u00bbdefault\u00a0\u00bb text_orientation=\u00a0\u00bbcenter\u00a0\u00bb custom_margin=\u00a0\u00bb||||false|false\u00a0\u00bb hover_enabled=\u00a0\u00bb0&Prime; global_colors_info=\u00a0\u00bb{}\u00a0\u00bb sticky_enabled=\u00a0\u00bb0&Prime;]<\/p>\n<p><span data-contrast=\"auto\" xml:lang=\"EN-US\" lang=\"EN-US\" class=\"TextRun SCXW56921153 BCX0\"><span class=\"NormalTextRun SCXW56921153 BCX0\">La mission d&rsquo;Exam est d&rsquo;etre <\/span><span class=\"NormalTextRun SCXW56921153 BCX0\">reconnu<\/span><span class=\"NormalTextRun SCXW56921153 BCX0\"> en tant que fournisseur leader de solutions passives, innovantes, robustes et s\u00e9curis\u00e9es pour la cha\u00eene du froid de l&rsquo;industrie de la sant\u00e9.<\/span><span class=\"NormalTextRun ContextualSpellingAndGrammarErrorV2Themed SCXW56921153 BCX0\">Exam<\/span><span class=\"NormalTextRun SCXW56921153 BCX0\"> est d\u00e9di\u00e9 \u00e0 concevoir et \u00e0 d\u00e9velopper des solutions\u202f<\/span><span class=\"NormalTextRun SpellingErrorV2Themed SCXW56921153 BCX0\">optimis\u00e9es<\/span><span class=\"NormalTextRun SCXW56921153 BCX0\"> qui prot\u00e8gent vos produits pour de meilleurs r\u00e9sultats pour les patients tout en respectant l&rsquo;environnement.<\/span><\/span><\/p>\n<p>[\/et_pb_text][\/et_pb_column][\/et_pb_row][et_pb_row column_structure=\u00a0\u00bb1_4,1_4,1_4,1_4&Prime; _builder_version=\u00a0\u00bb4.21.0&Prime; _module_preset=\u00a0\u00bbdefault\u00a0\u00bb global_colors_info=\u00a0\u00bb{}\u00a0\u00bb][et_pb_column type=\u00a0\u00bb1_4&Prime; _builder_version=\u00a0\u00bb4.21.0&Prime; _module_preset=\u00a0\u00bbdefault\u00a0\u00bb global_colors_info=\u00a0\u00bb{}\u00a0\u00bb][et_pb_blurb title=\u00a0\u00bbInnovatif\u00a0\u00bb image=\u00a0\u00bbhttps:\/\/exampackaging.djm.eu\/wp-content\/uploads\/2023\/07\/icon-lightbulb.svg\u00a0\u00bb alt=\u00a0\u00bbthermometer\u00a0\u00bb _builder_version=\u00a0\u00bb4.21.0&Prime; _module_preset=\u00a0\u00bbf77a0a68-482c-433f-8cbd-75ad87bcaea7&Prime; global_colors_info=\u00a0\u00bb{%22gcid-3579bf35-b80a-4b68-abcb-87feec5e4395%22:%91%22image_icon_background_color%22%93}\u00a0\u00bb][\/et_pb_blurb][\/et_pb_column][et_pb_column type=\u00a0\u00bb1_4&Prime; _builder_version=\u00a0\u00bb4.21.0&Prime; _module_preset=\u00a0\u00bbdefault\u00a0\u00bb global_colors_info=\u00a0\u00bb{}\u00a0\u00bb][et_pb_blurb title=\u00a0\u00bbDur\u00e9e variable\u00a0\u00bb image=\u00a0\u00bbhttps:\/\/exampackaging.djm.eu\/wp-content\/uploads\/2023\/07\/icon-time.svg\u00a0\u00bb alt=\u00a0\u00bbthermometer\u00a0\u00bb _builder_version=\u00a0\u00bb4.21.0&Prime; _module_preset=\u00a0\u00bbf77a0a68-482c-433f-8cbd-75ad87bcaea7&Prime; global_colors_info=\u00a0\u00bb{%22gcid-3579bf35-b80a-4b68-abcb-87feec5e4395%22:%91%22image_icon_background_color%22%93}\u00a0\u00bb][\/et_pb_blurb][\/et_pb_column][et_pb_column type=\u00a0\u00bb1_4&Prime; _builder_version=\u00a0\u00bb4.21.0&Prime; _module_preset=\u00a0\u00bbdefault\u00a0\u00bb global_colors_info=\u00a0\u00bb{}\u00a0\u00bb][et_pb_blurb title=\u00a0\u00bbRobuste\u00a0\u00bb image=\u00a0\u00bbhttps:\/\/exampackaging.djm.eu\/wp-content\/uploads\/2023\/07\/icon-dumbbell.svg\u00a0\u00bb alt=\u00a0\u00bbthermometer\u00a0\u00bb _builder_version=\u00a0\u00bb4.21.0&Prime; _module_preset=\u00a0\u00bbf77a0a68-482c-433f-8cbd-75ad87bcaea7&Prime; global_colors_info=\u00a0\u00bb{%22gcid-3579bf35-b80a-4b68-abcb-87feec5e4395%22:%91%22image_icon_background_color%22%93}\u00a0\u00bb][\/et_pb_blurb][\/et_pb_column][et_pb_column type=\u00a0\u00bb1_4&Prime; _builder_version=\u00a0\u00bb4.21.0&Prime; _module_preset=\u00a0\u00bbdefault\u00a0\u00bb global_colors_info=\u00a0\u00bb{}\u00a0\u00bb][et_pb_blurb title=\u00a0\u00bbS\u00e9curis\u00e9\u00a0\u00bb image=\u00a0\u00bbhttps:\/\/exampackaging.djm.eu\/wp-content\/uploads\/2023\/07\/icon-lock.svg\u00a0\u00bb alt=\u00a0\u00bbthermometer\u00a0\u00bb _builder_version=\u00a0\u00bb4.21.0&Prime; _module_preset=\u00a0\u00bbf77a0a68-482c-433f-8cbd-75ad87bcaea7&Prime; global_colors_info=\u00a0\u00bb{%22gcid-3579bf35-b80a-4b68-abcb-87feec5e4395%22:%91%22image_icon_background_color%22%93}\u00a0\u00bb][\/et_pb_blurb][\/et_pb_column][\/et_pb_row][et_pb_row column_structure=\u00a0\u00bb1_4,1_4,1_4,1_4&Prime; _builder_version=\u00a0\u00bb4.21.0&Prime; _module_preset=\u00a0\u00bbdefault\u00a0\u00bb global_colors_info=\u00a0\u00bb{}\u00a0\u00bb][et_pb_column type=\u00a0\u00bb1_4&Prime; _builder_version=\u00a0\u00bb4.21.0&Prime; _module_preset=\u00a0\u00bbdefault\u00a0\u00bb global_colors_info=\u00a0\u00bb{}\u00a0\u00bb][et_pb_blurb title=\u00a0\u00bbR\u00e9utilis\u00e9\u00a0\u00bb image=\u00a0\u00bbhttps:\/\/exampackaging.djm.eu\/wp-content\/uploads\/2023\/07\/icon-cycle.svg\u00a0\u00bb alt=\u00a0\u00bbthermometer\u00a0\u00bb _builder_version=\u00a0\u00bb4.21.0&Prime; _module_preset=\u00a0\u00bbf77a0a68-482c-433f-8cbd-75ad87bcaea7&Prime; global_colors_info=\u00a0\u00bb{%22gcid-3579bf35-b80a-4b68-abcb-87feec5e4395%22:%91%22image_icon_background_color%22%93}\u00a0\u00bb][\/et_pb_blurb][\/et_pb_column][et_pb_column type=\u00a0\u00bb1_4&Prime; _builder_version=\u00a0\u00bb4.21.0&Prime; _module_preset=\u00a0\u00bbdefault\u00a0\u00bb global_colors_info=\u00a0\u00bb{}\u00a0\u00bb][et_pb_blurb title=\u00a0\u00bbR\u00e9affect\u00e9\u00a0\u00bb image=\u00a0\u00bbhttps:\/\/exampackaging.djm.eu\/wp-content\/uploads\/2023\/07\/icon-target.svg\u00a0\u00bb alt=\u00a0\u00bbthermometer\u00a0\u00bb _builder_version=\u00a0\u00bb4.21.0&Prime; _module_preset=\u00a0\u00bbf77a0a68-482c-433f-8cbd-75ad87bcaea7&Prime; global_colors_info=\u00a0\u00bb{%22gcid-3579bf35-b80a-4b68-abcb-87feec5e4395%22:%91%22image_icon_background_color%22%93}\u00a0\u00bb][\/et_pb_blurb][\/et_pb_column][et_pb_column type=\u00a0\u00bb1_4&Prime; _builder_version=\u00a0\u00bb4.21.0&Prime; _module_preset=\u00a0\u00bbdefault\u00a0\u00bb global_colors_info=\u00a0\u00bb{}\u00a0\u00bb][et_pb_blurb title=\u00a0\u00bbR\u00e9manufactur\u00e9\u00a0\u00bb image=\u00a0\u00bbhttps:\/\/exampackaging.djm.eu\/wp-content\/uploads\/2023\/07\/icon-wrench.svg\u00a0\u00bb alt=\u00a0\u00bbthermometer\u00a0\u00bb _builder_version=\u00a0\u00bb4.21.0&Prime; _module_preset=\u00a0\u00bbf77a0a68-482c-433f-8cbd-75ad87bcaea7&Prime; global_colors_info=\u00a0\u00bb{%22gcid-3579bf35-b80a-4b68-abcb-87feec5e4395%22:%91%22image_icon_background_color%22%93}\u00a0\u00bb][\/et_pb_blurb][\/et_pb_column][et_pb_column type=\u00a0\u00bb1_4&Prime; _builder_version=\u00a0\u00bb4.21.0&Prime; _module_preset=\u00a0\u00bbdefault\u00a0\u00bb global_colors_info=\u00a0\u00bb{}\u00a0\u00bb][et_pb_blurb title=\u00a0\u00bbRecycl\u00e9\u00a0\u00bb image=\u00a0\u00bbhttps:\/\/exampackaging.djm.eu\/wp-content\/uploads\/2023\/07\/icon-recycle.svg\u00a0\u00bb alt=\u00a0\u00bbthermometer\u00a0\u00bb _builder_version=\u00a0\u00bb4.21.0&Prime; _module_preset=\u00a0\u00bbf77a0a68-482c-433f-8cbd-75ad87bcaea7&Prime; global_colors_info=\u00a0\u00bb{%22gcid-3579bf35-b80a-4b68-abcb-87feec5e4395%22:%91%22image_icon_background_color%22%93}\u00a0\u00bb][\/et_pb_blurb][\/et_pb_column][\/et_pb_row][\/et_pb_section][et_pb_section fb_built=\u00a0\u00bb1&Prime; _builder_version=\u00a0\u00bb4.21.0&Prime; _module_preset=\u00a0\u00bbdefault\u00a0\u00bb background_color=\u00a0\u00bbgcid-29b9eef9-eba4-4ec4-95f7-77b27c87f180&Prime; global_colors_info=\u00a0\u00bb{%22gcid-29b9eef9-eba4-4ec4-95f7-77b27c87f180%22:%91%22background_color%22%93}\u00a0\u00bb][et_pb_row column_structure=\u00a0\u00bb1_2,1_2&Prime; use_custom_gutter=\u00a0\u00bbon\u00a0\u00bb gutter_width=\u00a0\u00bb4&Prime; make_equal=\u00a0\u00bbon\u00a0\u00bb _builder_version=\u00a0\u00bb4.21.0&Prime; _module_preset=\u00a0\u00bbdefault\u00a0\u00bb custom_css_main_element=\u00a0\u00bbalign-items:center;\u00a0\u00bb global_colors_info=\u00a0\u00bb{}\u00a0\u00bb][et_pb_column type=\u00a0\u00bb1_2&Prime; _builder_version=\u00a0\u00bb4.21.0&Prime; _module_preset=\u00a0\u00bbdefault\u00a0\u00bb custom_padding_tablet=\u00a0\u00bb||30px||false|false\u00a0\u00bb custom_padding_phone=\u00a0\u00bb||15px||false|false\u00a0\u00bb custom_padding_last_edited=\u00a0\u00bbon|phone\u00a0\u00bb global_colors_info=\u00a0\u00bb{}\u00a0\u00bb][et_pb_image src=\u00a0\u00bbhttps:\/\/exampackaging.com\/wp-content\/uploads\/2023\/07\/exam-placeholder-1.png\u00a0\u00bb title_text=\u00a0\u00bbexam-placeholder\u00a0\u00bb _builder_version=\u00a0\u00bb4.21.0&Prime; _module_preset=\u00a0\u00bbdefault\u00a0\u00bb global_colors_info=\u00a0\u00bb{}\u00a0\u00bb][\/et_pb_image][\/et_pb_column][et_pb_column type=\u00a0\u00bb1_2&Prime; _builder_version=\u00a0\u00bb4.21.0&Prime; _module_preset=\u00a0\u00bbdefault\u00a0\u00bb global_colors_info=\u00a0\u00bb{}\u00a0\u00bb][et_pb_text _builder_version=\u00a0\u00bb4.22.1&Prime; _module_preset=\u00a0\u00bb184a03c3-485b-4ddc-a72d-945c51c8eb5d\u00a0\u00bb custom_margin=\u00a0\u00bb||0px||false|false\u00a0\u00bb hover_enabled=\u00a0\u00bb0&Prime; global_colors_info=\u00a0\u00bb{}\u00a0\u00bb sticky_enabled=\u00a0\u00bb0&Prime;]<\/p>\n<h2>Notre expertise<\/h2>\n<p>[\/et_pb_text][et_pb_text _builder_version=\u00a0\u00bb4.22.1&Prime; _module_preset=\u00a0\u00bbdefault\u00a0\u00bb custom_margin=\u00a0\u00bb||||false|false\u00a0\u00bb hover_enabled=\u00a0\u00bb0&Prime; global_colors_info=\u00a0\u00bb{}\u00a0\u00bb sticky_enabled=\u00a0\u00bb0&Prime;]<\/p>\n<p><span data-contrast=\"auto\">Pour atteindre les r\u00e9sultats commerciaux souhait\u00e9s, les clients d&rsquo;Exam peuvent compter sur l&rsquo;expertise d&rsquo;une \u00e9quipe de chimistes, d&rsquo;ing\u00e9nieurs industriels et de logisticiens qualifi\u00e9s pour optimiser leurs processus dans la cha\u00eene du froid. Exam cherche \u00e0 impliquer chaque partie prenante cl\u00e9 de l&rsquo;organisation du client, afin de garantir que les objectifs non concurrents et les r\u00e9sultats commerciaux souhait\u00e9s soient d\u00e9finis pour des projets qui r\u00e9pondent pleinement, voire d\u00e9passent, les objectifs commerciaux et op\u00e9rationnels les plus exigeants.<\/span><span data-ccp-props=\"{\"201341983\":0,\"335559739\":160,\"335559740\":259}\"> <\/span><\/p>\n<p><span data-contrast=\"auto\">L&rsquo;efficacit\u00e9 op\u00e9rationnelle et l&rsquo;efficience des co\u00fbts, combin\u00e9es \u00e0 la conformit\u00e9 r\u00e9glementaire et \u00e0 la pr\u00e9occupation de l&rsquo;impact environnemental, font partie de toutes les activit\u00e9s de l&rsquo;entreprise.<\/span><\/p>\n<p>[\/et_pb_text][\/et_pb_column][\/et_pb_row][\/et_pb_section]<\/p>\n","protected":false},"excerpt":{"rendered":"<p>\u00c0 la pointe des solutions \u00e0 temp\u00e9rature control\u00e9e depuis 1986.Exam cold chain solutionsFond\u00e9e en 1986 au c\u0153ur de l&rsquo;Europe, nous sommes un acteur majeur dans l&#8217;emballage thermique et le secteur de la cha\u00eene du froid. adoptons une approche globale, consid\u00e9rant chaque activit\u00e9 commerciale comme faisant partie de la cha\u00eene de valeur mondiale, garantissant des r\u00e9sultats [&hellip;]<\/p>\n","protected":false},"author":1,"featured_media":0,"parent":2077,"menu_order":0,"comment_status":"closed","ping_status":"closed","template":"","meta":{"_acf_changed":false,"_et_pb_use_builder":"on","_et_pb_old_content":"","_et_gb_content_width":"","_crdt_document":"","footnotes":""},"class_list":["post-2081","page","type-page","status-publish","hentry"],"acf":[],"yoast_head":"<!-- This site is optimized with the Yoast SEO plugin v27.4 - https:\/\/yoast.com\/product\/yoast-seo-wordpress\/ -->\n<title>\u00c0 propos de nous - Exam Packaging<\/title>\n<meta name=\"robots\" content=\"index, follow, max-snippet:-1, max-image-preview:large, max-video-preview:-1\" \/>\n<link rel=\"canonical\" href=\"https:\/\/exampackaging.com\/fr\/qui-sommes-nous\/a-propos-de-nous\/\" \/>\n<meta property=\"og:locale\" content=\"fr_FR\" \/>\n<meta property=\"og:type\" content=\"article\" \/>\n<meta property=\"og:title\" content=\"\u00c0 propos de nous - Exam Packaging\" \/>\n<meta property=\"og:site_name\" content=\"Exam Packaging\" \/>\n<meta property=\"article:modified_time\" content=\"2024-12-10T11:13:01+00:00\" \/>\n<meta name=\"twitter:card\" content=\"summary_large_image\" \/>\n<script type=\"application\/ld+json\" class=\"yoast-schema-graph\">{\"@context\":\"https:\\\/\\\/schema.org\",\"@graph\":[{\"@type\":\"WebPage\",\"@id\":\"https:\\\/\\\/exampackaging.com\\\/fr\\\/qui-sommes-nous\\\/a-propos-de-nous\\\/\",\"url\":\"https:\\\/\\\/exampackaging.com\\\/fr\\\/qui-sommes-nous\\\/a-propos-de-nous\\\/\",\"name\":\"\u00c0 propos de nous - Exam Packaging\",\"isPartOf\":{\"@id\":\"https:\\\/\\\/exampackaging.com\\\/fr\\\/#website\"},\"datePublished\":\"2023-07-13T14:56:47+00:00\",\"dateModified\":\"2024-12-10T11:13:01+00:00\",\"breadcrumb\":{\"@id\":\"https:\\\/\\\/exampackaging.com\\\/fr\\\/qui-sommes-nous\\\/a-propos-de-nous\\\/#breadcrumb\"},\"inLanguage\":\"fr-FR\",\"potentialAction\":[{\"@type\":\"ReadAction\",\"target\":[\"https:\\\/\\\/exampackaging.com\\\/fr\\\/qui-sommes-nous\\\/a-propos-de-nous\\\/\"]}]},{\"@type\":\"BreadcrumbList\",\"@id\":\"https:\\\/\\\/exampackaging.com\\\/fr\\\/qui-sommes-nous\\\/a-propos-de-nous\\\/#breadcrumb\",\"itemListElement\":[{\"@type\":\"ListItem\",\"position\":1,\"name\":\"Accueil\",\"item\":\"https:\\\/\\\/exampackaging.com\\\/fr\\\/\"},{\"@type\":\"ListItem\",\"position\":2,\"name\":\"Qui sommes-nous ?\",\"item\":\"https:\\\/\\\/exampackaging.com\\\/fr\\\/qui-sommes-nous\\\/\"},{\"@type\":\"ListItem\",\"position\":3,\"name\":\"\u00c0 propos de nous\"}]},{\"@type\":\"WebSite\",\"@id\":\"https:\\\/\\\/exampackaging.com\\\/fr\\\/#website\",\"url\":\"https:\\\/\\\/exampackaging.com\\\/fr\\\/\",\"name\":\"Exam Packaging\",\"description\":\"Cold Chain Solutions\",\"publisher\":{\"@id\":\"https:\\\/\\\/exampackaging.com\\\/fr\\\/#organization\"},\"potentialAction\":[{\"@type\":\"SearchAction\",\"target\":{\"@type\":\"EntryPoint\",\"urlTemplate\":\"https:\\\/\\\/exampackaging.com\\\/fr\\\/?s={search_term_string}\"},\"query-input\":{\"@type\":\"PropertyValueSpecification\",\"valueRequired\":true,\"valueName\":\"search_term_string\"}}],\"inLanguage\":\"fr-FR\"},{\"@type\":\"Organization\",\"@id\":\"https:\\\/\\\/exampackaging.com\\\/fr\\\/#organization\",\"name\":\"Exam Packaging\",\"alternateName\":\"Exam\",\"url\":\"https:\\\/\\\/exampackaging.com\\\/fr\\\/\",\"logo\":{\"@type\":\"ImageObject\",\"inLanguage\":\"fr-FR\",\"@id\":\"https:\\\/\\\/exampackaging.com\\\/fr\\\/#\\\/schema\\\/logo\\\/image\\\/\",\"url\":\"https:\\\/\\\/exampackaging.com\\\/wp-content\\\/uploads\\\/2023\\\/06\\\/logo-exam-light-bg.png\",\"contentUrl\":\"https:\\\/\\\/exampackaging.com\\\/wp-content\\\/uploads\\\/2023\\\/06\\\/logo-exam-light-bg.png\",\"width\":323,\"height\":100,\"caption\":\"Exam Packaging\"},\"image\":{\"@id\":\"https:\\\/\\\/exampackaging.com\\\/fr\\\/#\\\/schema\\\/logo\\\/image\\\/\"},\"sameAs\":[\"https:\\\/\\\/www.linkedin.com\\\/company\\\/exam-packaging\\\/\"]}]}<\/script>\n<!-- \/ Yoast SEO plugin. -->","yoast_head_json":{"title":"\u00c0 propos de nous - Exam Packaging","robots":{"index":"index","follow":"follow","max-snippet":"max-snippet:-1","max-image-preview":"max-image-preview:large","max-video-preview":"max-video-preview:-1"},"canonical":"https:\/\/exampackaging.com\/fr\/qui-sommes-nous\/a-propos-de-nous\/","og_locale":"fr_FR","og_type":"article","og_title":"\u00c0 propos de nous - Exam Packaging","og_site_name":"Exam Packaging","article_modified_time":"2024-12-10T11:13:01+00:00","twitter_card":"summary_large_image","schema":{"@context":"https:\/\/schema.org","@graph":[{"@type":"WebPage","@id":"https:\/\/exampackaging.com\/fr\/qui-sommes-nous\/a-propos-de-nous\/","url":"https:\/\/exampackaging.com\/fr\/qui-sommes-nous\/a-propos-de-nous\/","name":"\u00c0 propos de nous - Exam Packaging","isPartOf":{"@id":"https:\/\/exampackaging.com\/fr\/#website"},"datePublished":"2023-07-13T14:56:47+00:00","dateModified":"2024-12-10T11:13:01+00:00","breadcrumb":{"@id":"https:\/\/exampackaging.com\/fr\/qui-sommes-nous\/a-propos-de-nous\/#breadcrumb"},"inLanguage":"fr-FR","potentialAction":[{"@type":"ReadAction","target":["https:\/\/exampackaging.com\/fr\/qui-sommes-nous\/a-propos-de-nous\/"]}]},{"@type":"BreadcrumbList","@id":"https:\/\/exampackaging.com\/fr\/qui-sommes-nous\/a-propos-de-nous\/#breadcrumb","itemListElement":[{"@type":"ListItem","position":1,"name":"Accueil","item":"https:\/\/exampackaging.com\/fr\/"},{"@type":"ListItem","position":2,"name":"Qui sommes-nous ?","item":"https:\/\/exampackaging.com\/fr\/qui-sommes-nous\/"},{"@type":"ListItem","position":3,"name":"\u00c0 propos de nous"}]},{"@type":"WebSite","@id":"https:\/\/exampackaging.com\/fr\/#website","url":"https:\/\/exampackaging.com\/fr\/","name":"Exam Packaging","description":"Cold Chain Solutions","publisher":{"@id":"https:\/\/exampackaging.com\/fr\/#organization"},"potentialAction":[{"@type":"SearchAction","target":{"@type":"EntryPoint","urlTemplate":"https:\/\/exampackaging.com\/fr\/?s={search_term_string}"},"query-input":{"@type":"PropertyValueSpecification","valueRequired":true,"valueName":"search_term_string"}}],"inLanguage":"fr-FR"},{"@type":"Organization","@id":"https:\/\/exampackaging.com\/fr\/#organization","name":"Exam Packaging","alternateName":"Exam","url":"https:\/\/exampackaging.com\/fr\/","logo":{"@type":"ImageObject","inLanguage":"fr-FR","@id":"https:\/\/exampackaging.com\/fr\/#\/schema\/logo\/image\/","url":"https:\/\/exampackaging.com\/wp-content\/uploads\/2023\/06\/logo-exam-light-bg.png","contentUrl":"https:\/\/exampackaging.com\/wp-content\/uploads\/2023\/06\/logo-exam-light-bg.png","width":323,"height":100,"caption":"Exam Packaging"},"image":{"@id":"https:\/\/exampackaging.com\/fr\/#\/schema\/logo\/image\/"},"sameAs":["https:\/\/www.linkedin.com\/company\/exam-packaging\/"]}]}},"_links":{"self":[{"href":"https:\/\/exampackaging.com\/fr\/wp-json\/wp\/v2\/pages\/2081","targetHints":{"allow":["GET"]}}],"collection":[{"href":"https:\/\/exampackaging.com\/fr\/wp-json\/wp\/v2\/pages"}],"about":[{"href":"https:\/\/exampackaging.com\/fr\/wp-json\/wp\/v2\/types\/page"}],"author":[{"embeddable":true,"href":"https:\/\/exampackaging.com\/fr\/wp-json\/wp\/v2\/users\/1"}],"replies":[{"embeddable":true,"href":"https:\/\/exampackaging.com\/fr\/wp-json\/wp\/v2\/comments?post=2081"}],"version-history":[{"count":0,"href":"https:\/\/exampackaging.com\/fr\/wp-json\/wp\/v2\/pages\/2081\/revisions"}],"up":[{"embeddable":true,"href":"https:\/\/exampackaging.com\/fr\/wp-json\/wp\/v2\/pages\/2077"}],"wp:attachment":[{"href":"https:\/\/exampackaging.com\/fr\/wp-json\/wp\/v2\/media?parent=2081"}],"curies":[{"name":"wp","href":"https:\/\/api.w.org\/{rel}","templated":true}]}}