{"id":2085,"date":"2023-07-18T14:21:26","date_gmt":"2023-07-18T12:21:26","guid":{"rendered":"https:\/\/exampackaging.com\/qui-sommes-nous\/environnement-rse\/"},"modified":"2024-12-10T13:12:39","modified_gmt":"2024-12-10T11:12:39","slug":"environnement-rse","status":"publish","type":"page","link":"https:\/\/exampackaging.com\/fr\/qui-sommes-nous\/environnement-rse\/","title":{"rendered":"Environnement &amp; RSE"},"content":{"rendered":"<p>[et_pb_section fb_built=\u00a0\u00bb1&Prime; admin_label=\u00a0\u00bbBanner\u00a0\u00bb _builder_version=\u00a0\u00bb4.21.0&Prime; _module_preset=\u00a0\u00bbff9bd1f2-2c0c-463c-87dc-f5dd42365e9d\u00a0\u00bb global_colors_info=\u00a0\u00bb{}\u00a0\u00bb][et_pb_row _builder_version=\u00a0\u00bb4.21.0&Prime; _module_preset=\u00a0\u00bb4d85effc-33af-4750-8d9f-9354b0f3eebf\u00a0\u00bb global_colors_info=\u00a0\u00bb{}\u00a0\u00bb][et_pb_column type=\u00a0\u00bb4_4&Prime; _builder_version=\u00a0\u00bb4.21.0&Prime; _module_preset=\u00a0\u00bbdefault\u00a0\u00bb global_colors_info=\u00a0\u00bb{}\u00a0\u00bb][et_pb_text _builder_version=\u00a0\u00bb4.21.0&Prime; _dynamic_attributes=\u00a0\u00bbcontent\u00a0\u00bb _module_preset=\u00a0\u00bb6cb54c0e-0502-4fdc-a322-7db16cbfc584&Prime; global_colors_info=\u00a0\u00bb{%22gcid-84797104-7dc4-4d67-9c50-f7bae48b70d6%22:%91%22text_text_color%22%93}\u00a0\u00bb]@ET-DC@eyJkeW5hbWljIjp0cnVlLCJjb250ZW50IjoicG9zdF90aXRsZSIsInNldHRpbmdzIjp7ImJlZm9yZSI6IiIsImFmdGVyIjoiIn19@[\/et_pb_text][et_pb_text _builder_version=\u00a0\u00bb4.22.1&Prime; _module_preset=\u00a0\u00bba601b3d6-d07e-4475-b5a5-95f821b9c2bf\u00a0\u00bb hover_enabled=\u00a0\u00bb0&Prime; global_colors_info=\u00a0\u00bb{%22gcid-3579bf35-b80a-4b68-abcb-87feec5e4395%22:%91%22header_text_color%22%93}\u00a0\u00bb sticky_enabled=\u00a0\u00bb0&Prime;]<\/p>\n<h1><span data-contrast=\"auto\" xml:lang=\"EN-US\" lang=\"EN-US\" class=\"TextRun SCXW69287495 BCX0\"><span class=\"NormalTextRun SCXW69287495 BCX0\">Notre engagement envers les personnes, <\/span><span class=\"NormalTextRun SCXW69287495 BCX0\">la plan\u00e8te<\/span><span class=\"NormalTextRun SCXW69287495 BCX0\"> et la communaut\u00e9<\/span><\/span><span class=\"EOP SCXW69287495 BCX0\" data-ccp-props=\"{\"134233117\":false,\"134233118\":false,\"201341983\":0,\"335551550\":1,\"335551620\":1,\"335559685\":720,\"335559737\":0,\"335559738\":0,\"335559739\":160,\"335559740\":256,\"335559991\":360}\"> <\/span><\/h1>\n<p>[\/et_pb_text][\/et_pb_column][\/et_pb_row][\/et_pb_section][et_pb_section fb_built=\u00a0\u00bb1&Prime; _builder_version=\u00a0\u00bb4.21.0&Prime; _module_preset=\u00a0\u00bbdefault\u00a0\u00bb global_colors_info=\u00a0\u00bb{}\u00a0\u00bb][et_pb_row column_structure=\u00a0\u00bb1_2,1_2&Prime; use_custom_gutter=\u00a0\u00bbon\u00a0\u00bb gutter_width=\u00a0\u00bb4&Prime; make_equal=\u00a0\u00bbon\u00a0\u00bb _builder_version=\u00a0\u00bb4.21.0&Prime; _module_preset=\u00a0\u00bbdefault\u00a0\u00bb custom_css_main_element=\u00a0\u00bbalign-items:center;\u00a0\u00bb global_colors_info=\u00a0\u00bb{}\u00a0\u00bb][et_pb_column type=\u00a0\u00bb1_2&Prime; _builder_version=\u00a0\u00bb4.21.0&Prime; _module_preset=\u00a0\u00bbdefault\u00a0\u00bb custom_padding_tablet=\u00a0\u00bb||30px||false|false\u00a0\u00bb custom_padding_phone=\u00a0\u00bb||15px||false|false\u00a0\u00bb custom_padding_last_edited=\u00a0\u00bbon|phone\u00a0\u00bb global_colors_info=\u00a0\u00bb{}\u00a0\u00bb][et_pb_text _builder_version=\u00a0\u00bb4.21.0&Prime; _module_preset=\u00a0\u00bb184a03c3-485b-4ddc-a72d-945c51c8eb5d\u00a0\u00bb custom_margin=\u00a0\u00bb||0px||false|false\u00a0\u00bb global_colors_info=\u00a0\u00bb{}\u00a0\u00bb]<\/p>\n<h2>R\u00e9utilisation, reconditionnement et responsabilit\u00e9 sociale des entreprises<\/h2>\n<p>[\/et_pb_text][et_pb_text _builder_version=\u00a0\u00bb4.22.1&Prime; _module_preset=\u00a0\u00bbdefault\u00a0\u00bb custom_margin=\u00a0\u00bb||||false|false\u00a0\u00bb hover_enabled=\u00a0\u00bb0&Prime; global_colors_info=\u00a0\u00bb{}\u00a0\u00bb sticky_enabled=\u00a0\u00bb0&Prime;]<\/p>\n<p><span data-contrast=\"none\">Chez Exam, notre d\u00e9vouement in\u00e9branlable \u00e0 l&rsquo;environnement et \u00e0 la soci\u00e9t\u00e9 est au c\u0153ur de nos valeurs. Nous sommes fiers de notre engagement continu envers ces aspects. Gr\u00e2ce \u00e0 notre participation active \u00e0 la certification Ecovadis et \u00e0 notre stricte conformit\u00e9 aux normes ISO, nous \u00e9valuons et am\u00e9liorons constamment nos pratiques. Cependant, nos ambitions vont encore plus loin, car nous nous effor\u00e7ons de minimiser notre empreinte \u00e9cologique.   <\/span><span data-ccp-props=\"{\"201341983\":2,\"335559739\":0,\"335559740\":360}\"> <\/span><\/p>\n<p><span data-contrast=\"none\"><\/span><\/p>\n<p><span data-contrast=\"none\">Une r\u00e9alisation remarquable dans notre parcours est que nous g\u00e9n\u00e9rons d\u00e9sormais plus d&rsquo;\u00e9lectricit\u00e9 que nous n&rsquo;en consommons. Cette r\u00e9ussite importante souligne non seulement notre engagement envers des pratiques durables, mais contribue \u00e9galement \u00e0 la r\u00e9duction des \u00e9missions de CO2, ayant un impact positif sur l&rsquo;environnement. <\/span><span data-ccp-props=\"{\"201341983\":2,\"335559739\":0,\"335559740\":360}\"> <\/span><\/p>\n<p><span data-contrast=\"none\"> <\/span><span data-ccp-props=\"{\"201341983\":2,\"335559739\":0,\"335559740\":360}\"> <\/span><\/p>\n<p><span data-contrast=\"none\">En adoptant les principes d&rsquo;\u00e9galit\u00e9, nous nous identifions fi\u00e8rement comme un employeur offrant l&rsquo;\u00e9galit\u00e9 des chances. La collaboration avec un \u00e9tablissement de travail prot\u00e9g\u00e9 illustre notre d\u00e9termination \u00e0 \u00e9tendre notre influence positive aux communaut\u00e9s dans lesquelles nous op\u00e9rons. <\/span><span data-ccp-props=\"{\"201341983\":2,\"335559739\":0,\"335559740\":360}\"> <\/span><\/p>\n<p><span data-contrast=\"none\"> <\/span><span data-ccp-props=\"{\"201341983\":2,\"335559739\":0,\"335559740\":360}\"> <\/span><\/p>\n<p><span data-contrast=\"none\">De plus, nous entretenons une collaboration \u00e9troite avec nos clients et fournisseurs pour r\u00e9duire activement les d\u00e9chets et am\u00e9liorer la r\u00e9utilisabilit\u00e9 de nos solutions. Cet effort collaboratif souligne notre engagement envers des pratiques durables et respectueuses de l&rsquo;environnement tout au long de notre cha\u00eene d&rsquo;approvisionnement. <\/span><span data-ccp-props=\"{\"201341983\":2,\"335559739\":0,\"335559740\":360}\"> <\/span><\/p>\n<p><span data-contrast=\"none\"> <\/span><span data-ccp-props=\"{\"201341983\":2,\"335559739\":0,\"335559740\":360}\"> <\/span><\/p>\n<p><span data-contrast=\"none\">Chez Exam, nous croyons fermement que la responsabilit\u00e9 soci\u00e9tale des entreprises va au-del\u00e0 de nos op\u00e9rations imm\u00e9diates. Il s&rsquo;agit d&rsquo;un engagement global qui allie la gestion de l&rsquo;environnement et l&rsquo;enrichissement des communaut\u00e9s. <\/span><span data-ccp-props=\"{\"201341983\":2,\"335559739\":0,\"335559740\":360}\"> <\/span><\/p>\n<p>[\/et_pb_text][\/et_pb_column][et_pb_column type=\u00a0\u00bb1_2&Prime; _builder_version=\u00a0\u00bb4.21.0&Prime; _module_preset=\u00a0\u00bbdefault\u00a0\u00bb global_colors_info=\u00a0\u00bb{}\u00a0\u00bb][et_pb_image src=\u00a0\u00bbhttps:\/\/exampackaging.com\/wp-content\/uploads\/2023\/07\/exam-placeholder-1.png\u00a0\u00bb title_text=\u00a0\u00bbexam-placeholder\u00a0\u00bb _builder_version=\u00a0\u00bb4.21.0&Prime; _module_preset=\u00a0\u00bbdefault\u00a0\u00bb global_colors_info=\u00a0\u00bb{}\u00a0\u00bb][\/et_pb_image][\/et_pb_column][\/et_pb_row][\/et_pb_section][et_pb_section fb_built=\u00a0\u00bb1&Prime; _builder_version=\u00a0\u00bb4.21.0&Prime; _module_preset=\u00a0\u00bbdefault\u00a0\u00bb background_color=\u00a0\u00bbgcid-29b9eef9-eba4-4ec4-95f7-77b27c87f180&Prime; global_colors_info=\u00a0\u00bb{%22gcid-29b9eef9-eba4-4ec4-95f7-77b27c87f180%22:%91%22background_color%22%93}\u00a0\u00bb][et_pb_row custom_padding_last_edited=\u00a0\u00bbon|phone\u00a0\u00bb _builder_version=\u00a0\u00bb4.21.0&Prime; _module_preset=\u00a0\u00bbdefault\u00a0\u00bb custom_padding=\u00a0\u00bb|15%||15%|false|true\u00a0\u00bb custom_padding_tablet=\u00a0\u00bb|5%||5%|false|true\u00a0\u00bb custom_padding_phone=\u00a0\u00bb|0%||0%|false|true\u00a0\u00bb global_colors_info=\u00a0\u00bb{}\u00a0\u00bb][et_pb_column type=\u00a0\u00bb4_4&Prime; _builder_version=\u00a0\u00bb4.21.0&Prime; _module_preset=\u00a0\u00bbdefault\u00a0\u00bb global_colors_info=\u00a0\u00bb{}\u00a0\u00bb][et_pb_text _builder_version=\u00a0\u00bb4.21.0&Prime; _module_preset=\u00a0\u00bb184a03c3-485b-4ddc-a72d-945c51c8eb5d\u00a0\u00bb text_orientation=\u00a0\u00bbcenter\u00a0\u00bb custom_margin=\u00a0\u00bb||0px||false|false\u00a0\u00bb global_colors_info=\u00a0\u00bb{}\u00a0\u00bb]<\/p>\n<h2>Nos m\u00e9thodes et techniques de production<\/h2>\n<p>[\/et_pb_text][et_pb_text _builder_version=\u00a0\u00bb4.22.1&Prime; _module_preset=\u00a0\u00bbdefault\u00a0\u00bb text_orientation=\u00a0\u00bbcenter\u00a0\u00bb hover_enabled=\u00a0\u00bb0&Prime; global_colors_info=\u00a0\u00bb{}\u00a0\u00bb sticky_enabled=\u00a0\u00bb0&Prime;]<\/p>\n<p><span data-contrast=\"none\" xml:lang=\"EN-US\" lang=\"EN-US\" class=\"TextRun SCXW111541517 BCX0\"><span class=\"NormalTextRun SCXW111541517 BCX0\" data-ccp-parastyle=\"Normal (Web)\">Notre engagement envers une production durable nous pousse \u00e0 am\u00e9liorer continuellement nos processus, dans le but de minimiser les d\u00e9chets. <\/span><span class=\"NormalTextRun SCXW111541517 BCX0\" data-ccp-parastyle=\"Normal (Web)\">Nous<\/span><span class=\"NormalTextRun SCXW111541517 BCX0\" data-ccp-parastyle=\"Normal (Web)\"> sommes enthousiasm\u00e9s par le potentiel des avanc\u00e9es en sciences des mat\u00e9riaux et par la possibilit\u00e9 de favoriser la collaboration avec nos clients et fournisseurs. Bien que nos mat\u00e9riaux soient recyclables, nous envisageons que les sciences des mat\u00e9riaux contribuent \u00e0 la r\u00e9duction des d\u00e9chets en amont, et que les partenariats avec nos clients renforcent la r\u00e9utilisabilit\u00e9.  <\/span><span class=\"NormalTextRun SCXW111541517 BCX0\" data-ccp-parastyle=\"Normal (Web)\">souhaitons en finir avec<\/span><span class=\"NormalTextRun SCXW111541517 BCX0\" data-ccp-parastyle=\"Normal (Web)\"> les d\u00e9chets \u00e0 usage unique.<\/span><\/span><span class=\"EOP SCXW111541517 BCX0\" data-ccp-props=\"{\"134233117\":false,\"134233118\":false,\"201341983\":2,\"335551550\":2,\"335551620\":2,\"335559738\":0,\"335559739\":0,\"335559740\":276}\"> <\/span><\/p>\n<p>[\/et_pb_text][\/et_pb_column][\/et_pb_row][et_pb_row column_structure=\u00a0\u00bb1_3,1_3,1_3&Prime; _builder_version=\u00a0\u00bb4.21.0&Prime; _module_preset=\u00a0\u00bbdefault\u00a0\u00bb global_colors_info=\u00a0\u00bb{}\u00a0\u00bb][et_pb_column type=\u00a0\u00bb1_3&Prime; _builder_version=\u00a0\u00bb4.21.0&Prime; _module_preset=\u00a0\u00bbdefault\u00a0\u00bb global_colors_info=\u00a0\u00bb{}\u00a0\u00bb][et_pb_text _builder_version=\u00a0\u00bb4.21.0&Prime; _module_preset=\u00a0\u00bbdefault\u00a0\u00bb text_font=\u00a0\u00bbNunito|800|||||||\u00a0\u00bb text_text_color=\u00a0\u00bbgcid-3579bf35-b80a-4b68-abcb-87feec5e4395&Prime; text_font_size=\u00a0\u00bb60px\u00a0\u00bb text_line_height=\u00a0\u00bb1.25em\u00a0\u00bb text_orientation=\u00a0\u00bbcenter\u00a0\u00bb custom_margin=\u00a0\u00bb||0px||false|false\u00a0\u00bb custom_padding=\u00a0\u00bb||||false|false\u00a0\u00bb text_font_size_tablet=\u00a0\u00bb54px\u00a0\u00bb text_font_size_phone=\u00a0\u00bb44px\u00a0\u00bb text_font_size_last_edited=\u00a0\u00bbon|phone\u00a0\u00bb global_colors_info=\u00a0\u00bb{%22gcid-3579bf35-b80a-4b68-abcb-87feec5e4395%22:%91%22link_text_color__hover%22,%22text_text_color%22%93}\u00a0\u00bb]<\/p>\n<p>Minimiser<\/p>\n<p>[\/et_pb_text][et_pb_text _builder_version=\u00a0\u00bb4.21.0&Prime; _module_preset=\u00a0\u00bbdefault\u00a0\u00bb text_font=\u00a0\u00bb|700|||||||\u00a0\u00bb text_text_color=\u00a0\u00bbgcid-0ac21969-563d-4f6f-896a-cef8fcea128b\u00a0\u00bb text_font_size=\u00a0\u00bb21px\u00a0\u00bb text_orientation=\u00a0\u00bbcenter\u00a0\u00bb text_font_size_tablet=\u00a0\u00bb21px\u00a0\u00bb text_font_size_phone=\u00a0\u00bb18px\u00a0\u00bb text_font_size_last_edited=\u00a0\u00bbon|phone\u00a0\u00bb global_colors_info=\u00a0\u00bb{%22gcid-3579bf35-b80a-4b68-abcb-87feec5e4395%22:%91%22link_text_color__hover%22,%22link_text_color__hover%22,%22link_text_color__hover%22,%22link_text_color__hover%22,%22link_text_color__hover%22,%22link_text_color__hover%22,%22link_text_color__hover%22%93,%22gcid-0ac21969-563d-4f6f-896a-cef8fcea128b%22:%91%22text_text_color%22%93}\u00a0\u00bb]<\/p>\n<p>l&rsquo;impact environnemental<\/p>\n<p>[\/et_pb_text][\/et_pb_column][et_pb_column type=\u00a0\u00bb1_3&Prime; _builder_version=\u00a0\u00bb4.21.0&Prime; _module_preset=\u00a0\u00bbdefault\u00a0\u00bb global_colors_info=\u00a0\u00bb{}\u00a0\u00bb][et_pb_text _builder_version=\u00a0\u00bb4.21.0&Prime; _module_preset=\u00a0\u00bbdefault\u00a0\u00bb text_font=\u00a0\u00bbNunito|800|||||||\u00a0\u00bb text_text_color=\u00a0\u00bbgcid-3579bf35-b80a-4b68-abcb-87feec5e4395&Prime; text_font_size=\u00a0\u00bb60px\u00a0\u00bb text_line_height=\u00a0\u00bb1.25em\u00a0\u00bb text_orientation=\u00a0\u00bbcenter\u00a0\u00bb custom_margin=\u00a0\u00bb||0px||false|false\u00a0\u00bb custom_padding=\u00a0\u00bb||||false|false\u00a0\u00bb text_font_size_tablet=\u00a0\u00bb54px\u00a0\u00bb text_font_size_phone=\u00a0\u00bb44px\u00a0\u00bb text_font_size_last_edited=\u00a0\u00bbon|phone\u00a0\u00bb global_colors_info=\u00a0\u00bb{%22gcid-3579bf35-b80a-4b68-abcb-87feec5e4395%22:%91%22link_text_color__hover%22,%22text_text_color%22,%22link_text_color__hover%22,%22text_text_color%22%93}\u00a0\u00bb]<\/p>\n<p>Plus de<\/p>\n<p>[\/et_pb_text][et_pb_text _builder_version=\u00a0\u00bb4.21.0&Prime; _module_preset=\u00a0\u00bbdefault\u00a0\u00bb text_font=\u00a0\u00bb|700|||||||\u00a0\u00bb text_text_color=\u00a0\u00bbgcid-0ac21969-563d-4f6f-896a-cef8fcea128b\u00a0\u00bb text_font_size=\u00a0\u00bb21px\u00a0\u00bb text_orientation=\u00a0\u00bbcenter\u00a0\u00bb text_font_size_tablet=\u00a0\u00bb21px\u00a0\u00bb text_font_size_phone=\u00a0\u00bb18px\u00a0\u00bb text_font_size_last_edited=\u00a0\u00bbon|phone\u00a0\u00bb global_colors_info=\u00a0\u00bb{%22gcid-3579bf35-b80a-4b68-abcb-87feec5e4395%22:%91%22link_text_color__hover%22,%22link_text_color__hover%22,%22link_text_color__hover%22,%22link_text_color__hover%22,%22link_text_color__hover%22,%22link_text_color__hover%22,%22link_text_color__hover%22,%22link_text_color__hover%22,%22link_text_color__hover%22,%22link_text_color__hover%22,%22link_text_color__hover%22,%22link_text_color__hover%22,%22link_text_color__hover%22,%22link_text_color__hover%22%93,%22gcid-0ac21969-563d-4f6f-896a-cef8fcea128b%22:%91%22text_text_color%22,%22text_text_color%22%93}\u00a0\u00bb]<\/p>\n<p>produits non recyclables et non r\u00e9utilisables<\/p>\n<p>[\/et_pb_text][\/et_pb_column][et_pb_column type=\u00a0\u00bb1_3&Prime; _builder_version=\u00a0\u00bb4.21.0&Prime; _module_preset=\u00a0\u00bbdefault\u00a0\u00bb global_colors_info=\u00a0\u00bb{}\u00a0\u00bb][et_pb_text _builder_version=\u00a0\u00bb4.22.1&Prime; _module_preset=\u00a0\u00bbdefault\u00a0\u00bb text_font=\u00a0\u00bbNunito|800|||||||\u00a0\u00bb text_text_color=\u00a0\u00bbgcid-3579bf35-b80a-4b68-abcb-87feec5e4395&Prime; text_font_size=\u00a0\u00bb60px\u00a0\u00bb text_line_height=\u00a0\u00bb1.25em\u00a0\u00bb text_orientation=\u00a0\u00bbcenter\u00a0\u00bb custom_margin=\u00a0\u00bb||0px||false|false\u00a0\u00bb custom_padding=\u00a0\u00bb||||false|false\u00a0\u00bb hover_enabled=\u00a0\u00bb0&Prime; text_font_size_tablet=\u00a0\u00bb54px\u00a0\u00bb text_font_size_phone=\u00a0\u00bb44px\u00a0\u00bb text_font_size_last_edited=\u00a0\u00bbon|phone\u00a0\u00bb global_colors_info=\u00a0\u00bb{%22gcid-3579bf35-b80a-4b68-abcb-87feec5e4395%22:%91%22link_text_color__hover%22,%22text_text_color%22,%22link_text_color__hover%22,%22text_text_color%22,%22link_text_color__hover%22,%22link_text_color__hover%22,%22link_text_color__hover%22,%22link_text_color__hover%22,%22link_text_color__hover%22,%22link_text_color__hover%22,%22link_text_color__hover%22,%22link_text_color__hover%22,%22text_text_color%22,%22link_text_color__hover%22,%22text_text_color%22%93,%22gcid-0ac21969-563d-4f6f-896a-cef8fcea128b%22:%91%22text_text_color%22%93}\u00a0\u00bb sticky_enabled=\u00a0\u00bb0&Prime;]<\/p>\n<p>Inclure<\/p>\n<p>[\/et_pb_text][et_pb_text _builder_version=\u00a0\u00bb4.22.1&Prime; _module_preset=\u00a0\u00bbdefault\u00a0\u00bb text_font=\u00a0\u00bb|700|||||||\u00a0\u00bb text_text_color=\u00a0\u00bbgcid-0ac21969-563d-4f6f-896a-cef8fcea128b\u00a0\u00bb text_font_size=\u00a0\u00bb21px\u00a0\u00bb text_orientation=\u00a0\u00bbcenter\u00a0\u00bb hover_enabled=\u00a0\u00bb0&Prime; text_font_size_tablet=\u00a0\u00bb21px\u00a0\u00bb text_font_size_phone=\u00a0\u00bb18px\u00a0\u00bb text_font_size_last_edited=\u00a0\u00bbon|phone\u00a0\u00bb global_colors_info=\u00a0\u00bb{%22gcid-3579bf35-b80a-4b68-abcb-87feec5e4395%22:%91%22link_text_color__hover%22,%22link_text_color__hover%22,%22link_text_color__hover%22,%22link_text_color__hover%22,%22link_text_color__hover%22,%22link_text_color__hover%22,%22link_text_color__hover%22,%22link_text_color__hover%22,%22link_text_color__hover%22,%22link_text_color__hover%22,%22link_text_color__hover%22,%22link_text_color__hover%22,%22link_text_color__hover%22,%22link_text_color__hover%22%93,%22gcid-0ac21969-563d-4f6f-896a-cef8fcea128b%22:%91%22text_text_color%22,%22text_text_color%22%93}\u00a0\u00bb sticky_enabled=\u00a0\u00bb0&Prime;]<\/p>\n<p><span data-contrast=\"none\" xml:lang=\"EN-US\" lang=\"EN-US\" class=\"TextRun MacChromeBold SCXW248467262 BCX0\"><span class=\"NormalTextRun SCXW248467262 BCX0\" data-ccp-parastyle=\"Normal (Web)\">tous dans le processus<\/span><\/span><span class=\"EOP SCXW248467262 BCX0\" data-ccp-props=\"{\"134233117\":false,\"134233118\":false,\"201341983\":0,\"335551550\":2,\"335551620\":2,\"335559685\":0,\"335559737\":0,\"335559738\":0,\"335559739\":0,\"335559740\":240}\"> <\/span><\/p>\n<p>[\/et_pb_text][\/et_pb_column][\/et_pb_row][et_pb_row _builder_version=\u00a0\u00bb4.21.0&Prime; _module_preset=\u00a0\u00bbdefault\u00a0\u00bb global_colors_info=\u00a0\u00bb{}\u00a0\u00bb][et_pb_column type=\u00a0\u00bb4_4&Prime; _builder_version=\u00a0\u00bb4.21.0&Prime; _module_preset=\u00a0\u00bbdefault\u00a0\u00bb global_colors_info=\u00a0\u00bb{}\u00a0\u00bb][et_pb_image src=\u00a0\u00bbhttps:\/\/exampackaging.com\/wp-content\/uploads\/2023\/06\/ecovadis-gold-2022.png\u00a0\u00bb alt=\u00a0\u00bbecovadis gold 2023&Prime; title_text=\u00a0\u00bbecovadis gold 2023&Prime; align=\u00a0\u00bbcenter\u00a0\u00bb _builder_version=\u00a0\u00bb4.21.0&Prime; _module_preset=\u00a0\u00bbdefault\u00a0\u00bb max_width=\u00a0\u00bb130px\u00a0\u00bb global_colors_info=\u00a0\u00bb{}\u00a0\u00bb][\/et_pb_image][\/et_pb_column][\/et_pb_row][\/et_pb_section]<\/p>\n","protected":false},"excerpt":{"rendered":"<p>Notre engagement envers les personnes, la plan\u00e8te et la communaut\u00e9 R\u00e9utilisation, reconditionnement et responsabilit\u00e9 sociale des entreprisesChez Exam, notre d\u00e9vouement in\u00e9branlable \u00e0 l&rsquo;environnement et \u00e0 la soci\u00e9t\u00e9 est au c\u0153ur de nos valeurs. Nous sommes fiers de notre engagement continu envers ces aspects. Gr\u00e2ce \u00e0 notre participation active \u00e0 la certification Ecovadis et \u00e0 notre [&hellip;]<\/p>\n","protected":false},"author":1,"featured_media":0,"parent":2077,"menu_order":0,"comment_status":"closed","ping_status":"closed","template":"","meta":{"_acf_changed":false,"_et_pb_use_builder":"on","_et_pb_old_content":"","_et_gb_content_width":"","_crdt_document":"","footnotes":""},"class_list":["post-2085","page","type-page","status-publish","hentry"],"acf":[],"yoast_head":"<!-- This site is optimized with the Yoast SEO plugin v27.4 - https:\/\/yoast.com\/product\/yoast-seo-wordpress\/ -->\n<title>Environnement &amp; RSE - Exam Packaging<\/title>\n<meta name=\"robots\" content=\"index, follow, max-snippet:-1, max-image-preview:large, max-video-preview:-1\" \/>\n<link rel=\"canonical\" href=\"https:\/\/exampackaging.com\/fr\/qui-sommes-nous\/environnement-rse\/\" \/>\n<meta property=\"og:locale\" content=\"fr_FR\" \/>\n<meta property=\"og:type\" content=\"article\" \/>\n<meta property=\"og:title\" content=\"Environnement &amp; RSE - Exam Packaging\" \/>\n<meta property=\"og:site_name\" content=\"Exam Packaging\" \/>\n<meta property=\"article:modified_time\" content=\"2024-12-10T11:12:39+00:00\" \/>\n<meta name=\"twitter:card\" content=\"summary_large_image\" \/>\n<script type=\"application\/ld+json\" class=\"yoast-schema-graph\">{\"@context\":\"https:\\\/\\\/schema.org\",\"@graph\":[{\"@type\":\"WebPage\",\"@id\":\"https:\\\/\\\/exampackaging.com\\\/fr\\\/qui-sommes-nous\\\/environnement-rse\\\/\",\"url\":\"https:\\\/\\\/exampackaging.com\\\/fr\\\/qui-sommes-nous\\\/environnement-rse\\\/\",\"name\":\"Environnement &amp; RSE - Exam Packaging\",\"isPartOf\":{\"@id\":\"https:\\\/\\\/exampackaging.com\\\/fr\\\/#website\"},\"datePublished\":\"2023-07-18T12:21:26+00:00\",\"dateModified\":\"2024-12-10T11:12:39+00:00\",\"breadcrumb\":{\"@id\":\"https:\\\/\\\/exampackaging.com\\\/fr\\\/qui-sommes-nous\\\/environnement-rse\\\/#breadcrumb\"},\"inLanguage\":\"fr-FR\",\"potentialAction\":[{\"@type\":\"ReadAction\",\"target\":[\"https:\\\/\\\/exampackaging.com\\\/fr\\\/qui-sommes-nous\\\/environnement-rse\\\/\"]}]},{\"@type\":\"BreadcrumbList\",\"@id\":\"https:\\\/\\\/exampackaging.com\\\/fr\\\/qui-sommes-nous\\\/environnement-rse\\\/#breadcrumb\",\"itemListElement\":[{\"@type\":\"ListItem\",\"position\":1,\"name\":\"Accueil\",\"item\":\"https:\\\/\\\/exampackaging.com\\\/fr\\\/\"},{\"@type\":\"ListItem\",\"position\":2,\"name\":\"Qui sommes-nous ?\",\"item\":\"https:\\\/\\\/exampackaging.com\\\/fr\\\/qui-sommes-nous\\\/\"},{\"@type\":\"ListItem\",\"position\":3,\"name\":\"Environnement &amp; RSE\"}]},{\"@type\":\"WebSite\",\"@id\":\"https:\\\/\\\/exampackaging.com\\\/fr\\\/#website\",\"url\":\"https:\\\/\\\/exampackaging.com\\\/fr\\\/\",\"name\":\"Exam Packaging\",\"description\":\"Cold Chain Solutions\",\"publisher\":{\"@id\":\"https:\\\/\\\/exampackaging.com\\\/fr\\\/#organization\"},\"potentialAction\":[{\"@type\":\"SearchAction\",\"target\":{\"@type\":\"EntryPoint\",\"urlTemplate\":\"https:\\\/\\\/exampackaging.com\\\/fr\\\/?s={search_term_string}\"},\"query-input\":{\"@type\":\"PropertyValueSpecification\",\"valueRequired\":true,\"valueName\":\"search_term_string\"}}],\"inLanguage\":\"fr-FR\"},{\"@type\":\"Organization\",\"@id\":\"https:\\\/\\\/exampackaging.com\\\/fr\\\/#organization\",\"name\":\"Exam Packaging\",\"alternateName\":\"Exam\",\"url\":\"https:\\\/\\\/exampackaging.com\\\/fr\\\/\",\"logo\":{\"@type\":\"ImageObject\",\"inLanguage\":\"fr-FR\",\"@id\":\"https:\\\/\\\/exampackaging.com\\\/fr\\\/#\\\/schema\\\/logo\\\/image\\\/\",\"url\":\"https:\\\/\\\/exampackaging.com\\\/wp-content\\\/uploads\\\/2023\\\/06\\\/logo-exam-light-bg.png\",\"contentUrl\":\"https:\\\/\\\/exampackaging.com\\\/wp-content\\\/uploads\\\/2023\\\/06\\\/logo-exam-light-bg.png\",\"width\":323,\"height\":100,\"caption\":\"Exam Packaging\"},\"image\":{\"@id\":\"https:\\\/\\\/exampackaging.com\\\/fr\\\/#\\\/schema\\\/logo\\\/image\\\/\"},\"sameAs\":[\"https:\\\/\\\/www.linkedin.com\\\/company\\\/exam-packaging\\\/\"]}]}<\/script>\n<!-- \/ Yoast SEO plugin. -->","yoast_head_json":{"title":"Environnement &amp; RSE - Exam Packaging","robots":{"index":"index","follow":"follow","max-snippet":"max-snippet:-1","max-image-preview":"max-image-preview:large","max-video-preview":"max-video-preview:-1"},"canonical":"https:\/\/exampackaging.com\/fr\/qui-sommes-nous\/environnement-rse\/","og_locale":"fr_FR","og_type":"article","og_title":"Environnement &amp; RSE - Exam Packaging","og_site_name":"Exam Packaging","article_modified_time":"2024-12-10T11:12:39+00:00","twitter_card":"summary_large_image","schema":{"@context":"https:\/\/schema.org","@graph":[{"@type":"WebPage","@id":"https:\/\/exampackaging.com\/fr\/qui-sommes-nous\/environnement-rse\/","url":"https:\/\/exampackaging.com\/fr\/qui-sommes-nous\/environnement-rse\/","name":"Environnement &amp; RSE - Exam Packaging","isPartOf":{"@id":"https:\/\/exampackaging.com\/fr\/#website"},"datePublished":"2023-07-18T12:21:26+00:00","dateModified":"2024-12-10T11:12:39+00:00","breadcrumb":{"@id":"https:\/\/exampackaging.com\/fr\/qui-sommes-nous\/environnement-rse\/#breadcrumb"},"inLanguage":"fr-FR","potentialAction":[{"@type":"ReadAction","target":["https:\/\/exampackaging.com\/fr\/qui-sommes-nous\/environnement-rse\/"]}]},{"@type":"BreadcrumbList","@id":"https:\/\/exampackaging.com\/fr\/qui-sommes-nous\/environnement-rse\/#breadcrumb","itemListElement":[{"@type":"ListItem","position":1,"name":"Accueil","item":"https:\/\/exampackaging.com\/fr\/"},{"@type":"ListItem","position":2,"name":"Qui sommes-nous ?","item":"https:\/\/exampackaging.com\/fr\/qui-sommes-nous\/"},{"@type":"ListItem","position":3,"name":"Environnement &amp; RSE"}]},{"@type":"WebSite","@id":"https:\/\/exampackaging.com\/fr\/#website","url":"https:\/\/exampackaging.com\/fr\/","name":"Exam Packaging","description":"Cold Chain Solutions","publisher":{"@id":"https:\/\/exampackaging.com\/fr\/#organization"},"potentialAction":[{"@type":"SearchAction","target":{"@type":"EntryPoint","urlTemplate":"https:\/\/exampackaging.com\/fr\/?s={search_term_string}"},"query-input":{"@type":"PropertyValueSpecification","valueRequired":true,"valueName":"search_term_string"}}],"inLanguage":"fr-FR"},{"@type":"Organization","@id":"https:\/\/exampackaging.com\/fr\/#organization","name":"Exam Packaging","alternateName":"Exam","url":"https:\/\/exampackaging.com\/fr\/","logo":{"@type":"ImageObject","inLanguage":"fr-FR","@id":"https:\/\/exampackaging.com\/fr\/#\/schema\/logo\/image\/","url":"https:\/\/exampackaging.com\/wp-content\/uploads\/2023\/06\/logo-exam-light-bg.png","contentUrl":"https:\/\/exampackaging.com\/wp-content\/uploads\/2023\/06\/logo-exam-light-bg.png","width":323,"height":100,"caption":"Exam Packaging"},"image":{"@id":"https:\/\/exampackaging.com\/fr\/#\/schema\/logo\/image\/"},"sameAs":["https:\/\/www.linkedin.com\/company\/exam-packaging\/"]}]}},"_links":{"self":[{"href":"https:\/\/exampackaging.com\/fr\/wp-json\/wp\/v2\/pages\/2085","targetHints":{"allow":["GET"]}}],"collection":[{"href":"https:\/\/exampackaging.com\/fr\/wp-json\/wp\/v2\/pages"}],"about":[{"href":"https:\/\/exampackaging.com\/fr\/wp-json\/wp\/v2\/types\/page"}],"author":[{"embeddable":true,"href":"https:\/\/exampackaging.com\/fr\/wp-json\/wp\/v2\/users\/1"}],"replies":[{"embeddable":true,"href":"https:\/\/exampackaging.com\/fr\/wp-json\/wp\/v2\/comments?post=2085"}],"version-history":[{"count":0,"href":"https:\/\/exampackaging.com\/fr\/wp-json\/wp\/v2\/pages\/2085\/revisions"}],"up":[{"embeddable":true,"href":"https:\/\/exampackaging.com\/fr\/wp-json\/wp\/v2\/pages\/2077"}],"wp:attachment":[{"href":"https:\/\/exampackaging.com\/fr\/wp-json\/wp\/v2\/media?parent=2085"}],"curies":[{"name":"wp","href":"https:\/\/api.w.org\/{rel}","templated":true}]}}